{"id":9281,"date":"2017-04-02T11:13:12","date_gmt":"2017-04-02T11:13:12","guid":{"rendered":"http:\/\/de.altheaherbs.gr\/?post_type=product&#038;p=9281"},"modified":"2017-10-25T15:01:16","modified_gmt":"2017-10-25T15:01:16","slug":"%cf%84%cf%83%ce%ac%ce%b9-%ce%b2%ce%bf%cf%85%ce%bd%ce%bf%cf%8d","status":"publish","type":"product","link":"https:\/\/altheaherbs.gr\/de\/product\/%cf%84%cf%83%ce%ac%ce%b9-%ce%b2%ce%bf%cf%85%ce%bd%ce%bf%cf%8d\/","title":{"rendered":"Bergtee \u2013 Stachys Iva"},"content":{"rendered":"<p>Die Kraft des Berges. Ein Titan. Bergtee und jeder Schluck f\u00fcllt Sie mit Energie. Er st\u00e4rkt Ihre Aura. Er w\u00e4rmt Ihr Herz. Wir haben die Bl\u00fctenspitzen gesammelt, damit sie diese aus Ihrem Glas trinken. Die Natur lebendig in Ihren H\u00e4nden von Althea.<\/p>\n<p>Eigenschaften<\/p>\n<p>Stachys iva ist eine seltene geographische, endemische Pflanze, die in Griechenland und Serbien gefunden wird und die wild in nur drei Bergen in Griechenland und zwei in Serbien w\u00e4chst.<\/p>\n<p>Es handelt sich um eine ausdauernde Gr\u00fcnpflanze, die sehr widerstandsf\u00e4hig ist und auf asbesthaltigem, steinigem Boden in einer H\u00f6he \u00fcber 700 Meter w\u00e4chst.<\/p>\n<p>Gesundheitsf\u00f6rdernde Wirkung<\/p>\n<p>Er hat ein mittelm\u00e4\u00dfiges Aroma mit Zitrusnote, er hat schleiml\u00f6sende, w\u00e4rmende, entz\u00fcndungshemmende, pilzt\u00f6tende und starke antimikrobielle Wirkung.<\/p>\n<p>Gebrauch<\/p>\n<p>Traditionell wird er in Orten wo er wild w\u00e4chst von den Einwohnern t\u00e4glich mit Honig und Zitrone w\u00e4hrend den Wintermonaten konsumiert, damit sie sich vor Erk\u00e4ltungen und Virusinfektionen sch\u00fctzen.<\/p>\n","protected":false},"excerpt":{"rendered":"<p>Die Kraft des Berges. Ein Titan. Bergtee und jeder Schluck f\u00fcllt Sie mit Energie. Er st\u00e4rkt Ihre Aura. Er w\u00e4rmt Ihr Herz. Wir haben die Bl\u00fctenspitzen gesammelt, damit sie diese aus Ihrem Glas trinken. Die Natur lebendig in Ihren H\u00e4nden von Althea. Eigenschaften Stachys iva ist eine seltene geographische, endemische Pflanze, die in Griechenland und Serbien gefunden wird und die wild in nur drei Bergen in Griechenland und zwei in Serbien w\u00e4chst. Es handelt sich um eine ausdauernde Gr\u00fcnpflanze, die sehr widerstandsf\u00e4hig ist und auf asbesthaltigem, steinigem Boden in einer H\u00f6he \u00fcber 700 Meter w\u00e4chst. Gesundheitsf\u00f6rdernde Wirkung Er hat ein mittelm\u00e4\u00dfiges Aroma mit Zitrusnote, er hat schleiml\u00f6sende, w\u00e4rmende, entz\u00fcndungshemmende, pilzt\u00f6tende und starke antimikrobielle Wirkung. Gebrauch Traditionell wird er in Orten wo er wild w\u00e4chst von den Einwohnern t\u00e4glich mit Honig und Zitrone w\u00e4hrend den Wintermonaten konsumiert, damit sie sich vor Erk\u00e4ltungen und Virusinfektionen sch\u00fctzen.<\/p>\n","protected":false},"featured_media":9282,"comment_status":"open","ping_status":"closed","template":"","meta":{"_acf_changed":false},"product_brand":[],"product_cat":[97],"product_tag":[],"class_list":{"0":"post-9281","1":"product","2":"type-product","3":"status-publish","4":"has-post-thumbnail","6":"product_cat-uncategorized","8":"first","9":"instock","10":"shipping-taxable","11":"product-type-simple"},"acf":[],"yoast_head":"<!-- This site is optimized with the Yoast SEO plugin v26.9 - https:\/\/yoast.com\/product\/yoast-seo-wordpress\/ -->\n<title>Bergtee \u2013 Stachys Iva - Althea Herbs De<\/title>\n<meta name=\"robots\" content=\"index, follow, max-snippet:-1, max-image-preview:large, max-video-preview:-1\" \/>\n<link rel=\"canonical\" href=\"https:\/\/altheaherbs.gr\/de\/product\/\u03c4\u03c3\u03ac\u03b9-\u03b2\u03bf\u03c5\u03bd\u03bf\u03cd\/\" \/>\n<meta property=\"og:locale\" content=\"en_US\" \/>\n<meta property=\"og:type\" content=\"article\" \/>\n<meta property=\"og:title\" content=\"Bergtee \u2013 Stachys Iva - Althea Herbs De\" \/>\n<meta property=\"og:description\" content=\"Die Kraft des Berges. Ein Titan. Bergtee und jeder Schluck f\u00fcllt Sie mit Energie. Er st\u00e4rkt Ihre Aura. Er w\u00e4rmt Ihr Herz. Wir haben die Bl\u00fctenspitzen gesammelt, damit sie diese aus Ihrem Glas trinken. Die Natur lebendig in Ihren H\u00e4nden von Althea. Eigenschaften Stachys iva ist eine seltene geographische, endemische Pflanze, die in Griechenland und Serbien gefunden wird und die wild in nur drei Bergen in Griechenland und zwei in Serbien w\u00e4chst. Es handelt sich um eine ausdauernde Gr\u00fcnpflanze, die sehr widerstandsf\u00e4hig ist und auf asbesthaltigem, steinigem Boden in einer H\u00f6he \u00fcber 700 Meter w\u00e4chst. Gesundheitsf\u00f6rdernde Wirkung Er hat ein mittelm\u00e4\u00dfiges Aroma mit Zitrusnote, er hat schleiml\u00f6sende, w\u00e4rmende, entz\u00fcndungshemmende, pilzt\u00f6tende und starke antimikrobielle Wirkung. Gebrauch Traditionell wird er in Orten wo er wild w\u00e4chst von den Einwohnern t\u00e4glich mit Honig und Zitrone w\u00e4hrend den Wintermonaten konsumiert, damit sie sich vor Erk\u00e4ltungen und Virusinfektionen sch\u00fctzen.\" \/>\n<meta property=\"og:url\" content=\"https:\/\/altheaherbs.gr\/de\/product\/\u03c4\u03c3\u03ac\u03b9-\u03b2\u03bf\u03c5\u03bd\u03bf\u03cd\/\" \/>\n<meta property=\"og:site_name\" content=\"Althea Herbs De\" \/>\n<meta property=\"article:modified_time\" content=\"2017-10-25T15:01:16+00:00\" \/>\n<meta property=\"og:image\" content=\"https:\/\/altheaherbs.gr\/de\/wp-content\/uploads\/sites\/7\/2017\/04\/stachys.jpg\" \/>\n\t<meta property=\"og:image:width\" content=\"600\" \/>\n\t<meta property=\"og:image:height\" content=\"600\" \/>\n\t<meta property=\"og:image:type\" content=\"image\/jpeg\" \/>\n<meta name=\"twitter:card\" content=\"summary_large_image\" \/>\n<meta name=\"twitter:label1\" content=\"Est. reading time\" \/>\n\t<meta name=\"twitter:data1\" content=\"1 minute\" \/>\n<script type=\"application\/ld+json\" class=\"yoast-schema-graph\">{\"@context\":\"https:\/\/schema.org\",\"@graph\":[{\"@type\":\"WebPage\",\"@id\":\"https:\/\/altheaherbs.gr\/de\/product\/%cf%84%cf%83%ce%ac%ce%b9-%ce%b2%ce%bf%cf%85%ce%bd%ce%bf%cf%8d\/\",\"url\":\"https:\/\/altheaherbs.gr\/de\/product\/%cf%84%cf%83%ce%ac%ce%b9-%ce%b2%ce%bf%cf%85%ce%bd%ce%bf%cf%8d\/\",\"name\":\"Bergtee \u2013 Stachys Iva - Althea Herbs De\",\"isPartOf\":{\"@id\":\"https:\/\/altheaherbs.gr\/de\/#website\"},\"primaryImageOfPage\":{\"@id\":\"https:\/\/altheaherbs.gr\/de\/product\/%cf%84%cf%83%ce%ac%ce%b9-%ce%b2%ce%bf%cf%85%ce%bd%ce%bf%cf%8d\/#primaryimage\"},\"image\":{\"@id\":\"https:\/\/altheaherbs.gr\/de\/product\/%cf%84%cf%83%ce%ac%ce%b9-%ce%b2%ce%bf%cf%85%ce%bd%ce%bf%cf%8d\/#primaryimage\"},\"thumbnailUrl\":\"https:\/\/altheaherbs.gr\/de\/wp-content\/uploads\/sites\/7\/2017\/04\/stachys.jpg\",\"datePublished\":\"2017-04-02T11:13:12+00:00\",\"dateModified\":\"2017-10-25T15:01:16+00:00\",\"breadcrumb\":{\"@id\":\"https:\/\/altheaherbs.gr\/de\/product\/%cf%84%cf%83%ce%ac%ce%b9-%ce%b2%ce%bf%cf%85%ce%bd%ce%bf%cf%8d\/#breadcrumb\"},\"inLanguage\":\"en-US\",\"potentialAction\":[{\"@type\":\"ReadAction\",\"target\":[\"https:\/\/altheaherbs.gr\/de\/product\/%cf%84%cf%83%ce%ac%ce%b9-%ce%b2%ce%bf%cf%85%ce%bd%ce%bf%cf%8d\/\"]}]},{\"@type\":\"ImageObject\",\"inLanguage\":\"en-US\",\"@id\":\"https:\/\/altheaherbs.gr\/de\/product\/%cf%84%cf%83%ce%ac%ce%b9-%ce%b2%ce%bf%cf%85%ce%bd%ce%bf%cf%8d\/#primaryimage\",\"url\":\"https:\/\/altheaherbs.gr\/de\/wp-content\/uploads\/sites\/7\/2017\/04\/stachys.jpg\",\"contentUrl\":\"https:\/\/altheaherbs.gr\/de\/wp-content\/uploads\/sites\/7\/2017\/04\/stachys.jpg\",\"width\":600,\"height\":600},{\"@type\":\"BreadcrumbList\",\"@id\":\"https:\/\/altheaherbs.gr\/de\/product\/%cf%84%cf%83%ce%ac%ce%b9-%ce%b2%ce%bf%cf%85%ce%bd%ce%bf%cf%8d\/#breadcrumb\",\"itemListElement\":[{\"@type\":\"ListItem\",\"position\":1,\"name\":\"Home\",\"item\":\"https:\/\/altheaherbs.gr\/de\/\"},{\"@type\":\"ListItem\",\"position\":2,\"name\":\"UNSERE PRODUKTE\",\"item\":\"https:\/\/altheaherbs.gr\/de\/shop\/\"},{\"@type\":\"ListItem\",\"position\":3,\"name\":\"Bergtee \u2013 Stachys Iva\"}]},{\"@type\":\"WebSite\",\"@id\":\"https:\/\/altheaherbs.gr\/de\/#website\",\"url\":\"https:\/\/altheaherbs.gr\/de\/\",\"name\":\"Althea Herbs De\",\"description\":\"Just another WordPress site\",\"potentialAction\":[{\"@type\":\"SearchAction\",\"target\":{\"@type\":\"EntryPoint\",\"urlTemplate\":\"https:\/\/altheaherbs.gr\/de\/?s={search_term_string}\"},\"query-input\":{\"@type\":\"PropertyValueSpecification\",\"valueRequired\":true,\"valueName\":\"search_term_string\"}}],\"inLanguage\":\"en-US\"}]}<\/script>\n<!-- \/ Yoast SEO plugin. -->","yoast_head_json":{"title":"Bergtee \u2013 Stachys Iva - Althea Herbs De","robots":{"index":"index","follow":"follow","max-snippet":"max-snippet:-1","max-image-preview":"max-image-preview:large","max-video-preview":"max-video-preview:-1"},"canonical":"https:\/\/altheaherbs.gr\/de\/product\/\u03c4\u03c3\u03ac\u03b9-\u03b2\u03bf\u03c5\u03bd\u03bf\u03cd\/","og_locale":"en_US","og_type":"article","og_title":"Bergtee \u2013 Stachys Iva - Althea Herbs De","og_description":"Die Kraft des Berges. Ein Titan. Bergtee und jeder Schluck f\u00fcllt Sie mit Energie. Er st\u00e4rkt Ihre Aura. Er w\u00e4rmt Ihr Herz. Wir haben die Bl\u00fctenspitzen gesammelt, damit sie diese aus Ihrem Glas trinken. Die Natur lebendig in Ihren H\u00e4nden von Althea. Eigenschaften Stachys iva ist eine seltene geographische, endemische Pflanze, die in Griechenland und Serbien gefunden wird und die wild in nur drei Bergen in Griechenland und zwei in Serbien w\u00e4chst. Es handelt sich um eine ausdauernde Gr\u00fcnpflanze, die sehr widerstandsf\u00e4hig ist und auf asbesthaltigem, steinigem Boden in einer H\u00f6he \u00fcber 700 Meter w\u00e4chst. Gesundheitsf\u00f6rdernde Wirkung Er hat ein mittelm\u00e4\u00dfiges Aroma mit Zitrusnote, er hat schleiml\u00f6sende, w\u00e4rmende, entz\u00fcndungshemmende, pilzt\u00f6tende und starke antimikrobielle Wirkung. Gebrauch Traditionell wird er in Orten wo er wild w\u00e4chst von den Einwohnern t\u00e4glich mit Honig und Zitrone w\u00e4hrend den Wintermonaten konsumiert, damit sie sich vor Erk\u00e4ltungen und Virusinfektionen sch\u00fctzen.","og_url":"https:\/\/altheaherbs.gr\/de\/product\/\u03c4\u03c3\u03ac\u03b9-\u03b2\u03bf\u03c5\u03bd\u03bf\u03cd\/","og_site_name":"Althea Herbs De","article_modified_time":"2017-10-25T15:01:16+00:00","og_image":[{"width":600,"height":600,"url":"https:\/\/altheaherbs.gr\/de\/wp-content\/uploads\/sites\/7\/2017\/04\/stachys.jpg","type":"image\/jpeg"}],"twitter_card":"summary_large_image","twitter_misc":{"Est. reading time":"1 minute"},"schema":{"@context":"https:\/\/schema.org","@graph":[{"@type":"WebPage","@id":"https:\/\/altheaherbs.gr\/de\/product\/%cf%84%cf%83%ce%ac%ce%b9-%ce%b2%ce%bf%cf%85%ce%bd%ce%bf%cf%8d\/","url":"https:\/\/altheaherbs.gr\/de\/product\/%cf%84%cf%83%ce%ac%ce%b9-%ce%b2%ce%bf%cf%85%ce%bd%ce%bf%cf%8d\/","name":"Bergtee \u2013 Stachys Iva - Althea Herbs De","isPartOf":{"@id":"https:\/\/altheaherbs.gr\/de\/#website"},"primaryImageOfPage":{"@id":"https:\/\/altheaherbs.gr\/de\/product\/%cf%84%cf%83%ce%ac%ce%b9-%ce%b2%ce%bf%cf%85%ce%bd%ce%bf%cf%8d\/#primaryimage"},"image":{"@id":"https:\/\/altheaherbs.gr\/de\/product\/%cf%84%cf%83%ce%ac%ce%b9-%ce%b2%ce%bf%cf%85%ce%bd%ce%bf%cf%8d\/#primaryimage"},"thumbnailUrl":"https:\/\/altheaherbs.gr\/de\/wp-content\/uploads\/sites\/7\/2017\/04\/stachys.jpg","datePublished":"2017-04-02T11:13:12+00:00","dateModified":"2017-10-25T15:01:16+00:00","breadcrumb":{"@id":"https:\/\/altheaherbs.gr\/de\/product\/%cf%84%cf%83%ce%ac%ce%b9-%ce%b2%ce%bf%cf%85%ce%bd%ce%bf%cf%8d\/#breadcrumb"},"inLanguage":"en-US","potentialAction":[{"@type":"ReadAction","target":["https:\/\/altheaherbs.gr\/de\/product\/%cf%84%cf%83%ce%ac%ce%b9-%ce%b2%ce%bf%cf%85%ce%bd%ce%bf%cf%8d\/"]}]},{"@type":"ImageObject","inLanguage":"en-US","@id":"https:\/\/altheaherbs.gr\/de\/product\/%cf%84%cf%83%ce%ac%ce%b9-%ce%b2%ce%bf%cf%85%ce%bd%ce%bf%cf%8d\/#primaryimage","url":"https:\/\/altheaherbs.gr\/de\/wp-content\/uploads\/sites\/7\/2017\/04\/stachys.jpg","contentUrl":"https:\/\/altheaherbs.gr\/de\/wp-content\/uploads\/sites\/7\/2017\/04\/stachys.jpg","width":600,"height":600},{"@type":"BreadcrumbList","@id":"https:\/\/altheaherbs.gr\/de\/product\/%cf%84%cf%83%ce%ac%ce%b9-%ce%b2%ce%bf%cf%85%ce%bd%ce%bf%cf%8d\/#breadcrumb","itemListElement":[{"@type":"ListItem","position":1,"name":"Home","item":"https:\/\/altheaherbs.gr\/de\/"},{"@type":"ListItem","position":2,"name":"UNSERE PRODUKTE","item":"https:\/\/altheaherbs.gr\/de\/shop\/"},{"@type":"ListItem","position":3,"name":"Bergtee \u2013 Stachys Iva"}]},{"@type":"WebSite","@id":"https:\/\/altheaherbs.gr\/de\/#website","url":"https:\/\/altheaherbs.gr\/de\/","name":"Althea Herbs De","description":"Just another WordPress site","potentialAction":[{"@type":"SearchAction","target":{"@type":"EntryPoint","urlTemplate":"https:\/\/altheaherbs.gr\/de\/?s={search_term_string}"},"query-input":{"@type":"PropertyValueSpecification","valueRequired":true,"valueName":"search_term_string"}}],"inLanguage":"en-US"}]}},"_links":{"self":[{"href":"https:\/\/altheaherbs.gr\/de\/wp-json\/wp\/v2\/product\/9281","targetHints":{"allow":["GET"]}}],"collection":[{"href":"https:\/\/altheaherbs.gr\/de\/wp-json\/wp\/v2\/product"}],"about":[{"href":"https:\/\/altheaherbs.gr\/de\/wp-json\/wp\/v2\/types\/product"}],"replies":[{"embeddable":true,"href":"https:\/\/altheaherbs.gr\/de\/wp-json\/wp\/v2\/comments?post=9281"}],"wp:featuredmedia":[{"embeddable":true,"href":"https:\/\/altheaherbs.gr\/de\/wp-json\/wp\/v2\/media\/9282"}],"wp:attachment":[{"href":"https:\/\/altheaherbs.gr\/de\/wp-json\/wp\/v2\/media?parent=9281"}],"wp:term":[{"taxonomy":"product_brand","embeddable":true,"href":"https:\/\/altheaherbs.gr\/de\/wp-json\/wp\/v2\/product_brand?post=9281"},{"taxonomy":"product_cat","embeddable":true,"href":"https:\/\/altheaherbs.gr\/de\/wp-json\/wp\/v2\/product_cat?post=9281"},{"taxonomy":"product_tag","embeddable":true,"href":"https:\/\/altheaherbs.gr\/de\/wp-json\/wp\/v2\/product_tag?post=9281"}],"curies":[{"name":"wp","href":"https:\/\/api.w.org\/{rel}","templated":true}]}}