{"id":9137,"date":"2017-04-23T10:06:35","date_gmt":"2017-04-23T10:06:35","guid":{"rendered":"http:\/\/de.altheaherbs.gr\/?post_type=product&#038;p=9137"},"modified":"2017-10-25T14:51:20","modified_gmt":"2017-10-25T14:51:20","slug":"%cf%84%cf%83%ce%b1%cf%8a-3","status":"publish","type":"product","link":"https:\/\/altheaherbs.gr\/de\/product\/%cf%84%cf%83%ce%b1%cf%8a-3\/","title":{"rendered":"Bergtee vom Olymp"},"content":{"rendered":"<p>Ab dem ersten Schluck, schlie\u00dfen Sie ihre Augen und reisen sie mit dem Geschmack bis zum Olymp, mitten im Sommer. In der vollen Bl\u00fcte. Im Zeitpunkt in dem wir mit der Hand ausschlie\u00dflich die Bl\u00fctenst\u00e4nde sammeln. F\u00fchlen Sie die Natur mit allen Ihren Sinnen.\u00a0 Genie\u00dfen Sie das Aroma der Natur. Authentisches Aroma von Althea.<\/p>\n<p>Eigenschaften<\/p>\n<p>Langlebiges Kraut, endemisch im Balkan, der Bergtee hat einfachen oder verzweigten, viereckigen Stiel und er ist im unteren Sprossende etwas holzig. Er w\u00e4chst wild auf felsigen Stellen und in einer H\u00f6he \u00fcber 1.000 Meter.<\/p>\n<p>Gesundheitsf\u00f6rdernde Wirkung<\/p>\n<p>Das beliebteste Produkt von Althea, der Bergtee vom Olymp, ist bekannt f\u00fcr seine vielfachen gesundheitsf\u00f6rdernden Wirkungen und seinem genussvollen Geschmack. Der Tee dieser Pflanze ist, insbesondere in den Wintermonaten, wegen der wohltuenden Wirkung bei Erk\u00e4ltungen und \u00a0Entz\u00fcndungen der oberen Atemwege, wegen der entz\u00fcndungshemmenden, bakteriostatischen und oxidationshemmenden Wirkung sehr beliebt. Diese Eigenschaften werden mit der Zugabe von Honig verst\u00e4rkt. Er ist ebenfalls wohltuend f\u00fcr den Magen, schwei\u00dftreibend, ein Tonikum, reizungshemmend und Antian\u00e4mika, da er Fe (Floca et al 1981) beinhaltet, wobei neue Studien gezeigt haben, dass SIDERITIS SCARDICA starke Wirkung gegen der \u0391lzheimer Erkrankung hat.<\/p>\n<p>Gebrauch<\/p>\n<p>Geschmackvoll und wohlriechend, er kann hei\u00df oder kalt, mit Zucker, Honig oder pur getrunken werden.<\/p>\n<p>Hei\u00df: Geben Sie etwas Honig, ein paar Tropfen Zitrone und ein paar Tropfen Edelbrandy zu.<\/p>\n<p>Kalt: Geben Sie Eisw\u00fcrfel und etwas Zitronen- oder Orangensaft zu.<\/p>\n","protected":false},"excerpt":{"rendered":"<p>Ab dem ersten Schluck, schlie\u00dfen Sie ihre Augen und reisen sie mit dem Geschmack bis zum Olymp, mitten im Sommer. In der vollen Bl\u00fcte. Im Zeitpunkt in dem wir mit der Hand ausschlie\u00dflich die Bl\u00fctenst\u00e4nde sammeln. F\u00fchlen Sie die Natur mit allen Ihren Sinnen.\u00a0 Genie\u00dfen Sie das Aroma der Natur. Authentisches Aroma von Althea. Eigenschaften Langlebiges Kraut, endemisch im Balkan, der Bergtee hat einfachen oder verzweigten, viereckigen Stiel und er ist im unteren Sprossende etwas holzig. Er w\u00e4chst wild auf felsigen Stellen und in einer H\u00f6he \u00fcber 1.000 Meter. Gesundheitsf\u00f6rdernde Wirkung Das beliebteste Produkt von Althea, der Bergtee vom Olymp, ist bekannt f\u00fcr seine vielfachen gesundheitsf\u00f6rdernden Wirkungen und seinem genussvollen Geschmack. Der Tee dieser Pflanze ist, insbesondere in den Wintermonaten, wegen der wohltuenden Wirkung bei Erk\u00e4ltungen und \u00a0Entz\u00fcndungen der oberen Atemwege, wegen der entz\u00fcndungshemmenden, bakteriostatischen und oxidationshemmenden Wirkung sehr beliebt. Diese Eigenschaften werden mit der Zugabe von Honig verst\u00e4rkt. Er ist ebenfalls wohltuend f\u00fcr den Magen, schwei\u00dftreibend, ein Tonikum, reizungshemmend und Antian\u00e4mika, da er Fe (Floca et al 1981) beinhaltet, wobei neue Studien gezeigt haben, dass SIDERITIS SCARDICA starke Wirkung gegen der \u0391lzheimer Erkrankung hat. Gebrauch Geschmackvoll und wohlriechend, er kann hei\u00df oder kalt, mit Zucker, Honig oder pur getrunken werden. Hei\u00df: Geben Sie etwas Honig, ein paar Tropfen Zitrone und ein paar Tropfen Edelbrandy zu. Kalt: Geben Sie Eisw\u00fcrfel und etwas Zitronen- oder Orangensaft zu.<\/p>\n","protected":false},"featured_media":9277,"comment_status":"open","ping_status":"closed","template":"","meta":{"_acf_changed":false},"product_brand":[],"product_cat":[97],"product_tag":[],"class_list":{"0":"post-9137","1":"product","2":"type-product","3":"status-publish","4":"has-post-thumbnail","6":"product_cat-uncategorized","7":"webnus-has-gallery","9":"first","10":"instock","11":"shipping-taxable","12":"product-type-simple"},"acf":[],"yoast_head":"<!-- This site is optimized with the Yoast SEO plugin v26.9 - https:\/\/yoast.com\/product\/yoast-seo-wordpress\/ -->\n<title>Bergtee vom Olymp - Althea Herbs De<\/title>\n<meta name=\"robots\" content=\"index, follow, max-snippet:-1, max-image-preview:large, max-video-preview:-1\" \/>\n<link rel=\"canonical\" href=\"https:\/\/altheaherbs.gr\/de\/product\/\u03c4\u03c3\u03b1\u03ca-3\/\" \/>\n<meta property=\"og:locale\" content=\"en_US\" \/>\n<meta property=\"og:type\" content=\"article\" \/>\n<meta property=\"og:title\" content=\"Bergtee vom Olymp - Althea Herbs De\" \/>\n<meta property=\"og:description\" content=\"Ab dem ersten Schluck, schlie\u00dfen Sie ihre Augen und reisen sie mit dem Geschmack bis zum Olymp, mitten im Sommer. In der vollen Bl\u00fcte. Im Zeitpunkt in dem wir mit der Hand ausschlie\u00dflich die Bl\u00fctenst\u00e4nde sammeln. F\u00fchlen Sie die Natur mit allen Ihren Sinnen.\u00a0 Genie\u00dfen Sie das Aroma der Natur. Authentisches Aroma von Althea. Eigenschaften Langlebiges Kraut, endemisch im Balkan, der Bergtee hat einfachen oder verzweigten, viereckigen Stiel und er ist im unteren Sprossende etwas holzig. Er w\u00e4chst wild auf felsigen Stellen und in einer H\u00f6he \u00fcber 1.000 Meter. Gesundheitsf\u00f6rdernde Wirkung Das beliebteste Produkt von Althea, der Bergtee vom Olymp, ist bekannt f\u00fcr seine vielfachen gesundheitsf\u00f6rdernden Wirkungen und seinem genussvollen Geschmack. Der Tee dieser Pflanze ist, insbesondere in den Wintermonaten, wegen der wohltuenden Wirkung bei Erk\u00e4ltungen und \u00a0Entz\u00fcndungen der oberen Atemwege, wegen der entz\u00fcndungshemmenden, bakteriostatischen und oxidationshemmenden Wirkung sehr beliebt. Diese Eigenschaften werden mit der Zugabe von Honig verst\u00e4rkt. Er ist ebenfalls wohltuend f\u00fcr den Magen, schwei\u00dftreibend, ein Tonikum, reizungshemmend und Antian\u00e4mika, da er Fe (Floca et al 1981) beinhaltet, wobei neue Studien gezeigt haben, dass SIDERITIS SCARDICA starke Wirkung gegen der \u0391lzheimer Erkrankung hat. Gebrauch Geschmackvoll und wohlriechend, er kann hei\u00df oder kalt, mit Zucker, Honig oder pur getrunken werden. Hei\u00df: Geben Sie etwas Honig, ein paar Tropfen Zitrone und ein paar Tropfen Edelbrandy zu. Kalt: Geben Sie Eisw\u00fcrfel und etwas Zitronen- oder Orangensaft zu.\" \/>\n<meta property=\"og:url\" content=\"https:\/\/altheaherbs.gr\/de\/product\/\u03c4\u03c3\u03b1\u03ca-3\/\" \/>\n<meta property=\"og:site_name\" content=\"Althea Herbs De\" \/>\n<meta property=\"article:modified_time\" content=\"2017-10-25T14:51:20+00:00\" \/>\n<meta property=\"og:image\" content=\"https:\/\/altheaherbs.gr\/de\/wp-content\/uploads\/sites\/7\/2017\/01\/sideritis-1.jpg\" \/>\n\t<meta property=\"og:image:width\" content=\"600\" \/>\n\t<meta property=\"og:image:height\" content=\"600\" \/>\n\t<meta property=\"og:image:type\" content=\"image\/jpeg\" \/>\n<meta name=\"twitter:card\" content=\"summary_large_image\" \/>\n<meta name=\"twitter:label1\" content=\"Est. reading time\" \/>\n\t<meta name=\"twitter:data1\" content=\"1 minute\" \/>\n<script type=\"application\/ld+json\" class=\"yoast-schema-graph\">{\"@context\":\"https:\/\/schema.org\",\"@graph\":[{\"@type\":\"WebPage\",\"@id\":\"https:\/\/altheaherbs.gr\/de\/product\/%cf%84%cf%83%ce%b1%cf%8a-3\/\",\"url\":\"https:\/\/altheaherbs.gr\/de\/product\/%cf%84%cf%83%ce%b1%cf%8a-3\/\",\"name\":\"Bergtee vom Olymp - Althea Herbs De\",\"isPartOf\":{\"@id\":\"https:\/\/altheaherbs.gr\/de\/#website\"},\"primaryImageOfPage\":{\"@id\":\"https:\/\/altheaherbs.gr\/de\/product\/%cf%84%cf%83%ce%b1%cf%8a-3\/#primaryimage\"},\"image\":{\"@id\":\"https:\/\/altheaherbs.gr\/de\/product\/%cf%84%cf%83%ce%b1%cf%8a-3\/#primaryimage\"},\"thumbnailUrl\":\"https:\/\/altheaherbs.gr\/de\/wp-content\/uploads\/sites\/7\/2017\/01\/sideritis-1.jpg\",\"datePublished\":\"2017-04-23T10:06:35+00:00\",\"dateModified\":\"2017-10-25T14:51:20+00:00\",\"breadcrumb\":{\"@id\":\"https:\/\/altheaherbs.gr\/de\/product\/%cf%84%cf%83%ce%b1%cf%8a-3\/#breadcrumb\"},\"inLanguage\":\"en-US\",\"potentialAction\":[{\"@type\":\"ReadAction\",\"target\":[\"https:\/\/altheaherbs.gr\/de\/product\/%cf%84%cf%83%ce%b1%cf%8a-3\/\"]}]},{\"@type\":\"ImageObject\",\"inLanguage\":\"en-US\",\"@id\":\"https:\/\/altheaherbs.gr\/de\/product\/%cf%84%cf%83%ce%b1%cf%8a-3\/#primaryimage\",\"url\":\"https:\/\/altheaherbs.gr\/de\/wp-content\/uploads\/sites\/7\/2017\/01\/sideritis-1.jpg\",\"contentUrl\":\"https:\/\/altheaherbs.gr\/de\/wp-content\/uploads\/sites\/7\/2017\/01\/sideritis-1.jpg\",\"width\":600,\"height\":600},{\"@type\":\"BreadcrumbList\",\"@id\":\"https:\/\/altheaherbs.gr\/de\/product\/%cf%84%cf%83%ce%b1%cf%8a-3\/#breadcrumb\",\"itemListElement\":[{\"@type\":\"ListItem\",\"position\":1,\"name\":\"Home\",\"item\":\"https:\/\/altheaherbs.gr\/de\/\"},{\"@type\":\"ListItem\",\"position\":2,\"name\":\"UNSERE PRODUKTE\",\"item\":\"https:\/\/altheaherbs.gr\/de\/shop\/\"},{\"@type\":\"ListItem\",\"position\":3,\"name\":\"Bergtee vom Olymp\"}]},{\"@type\":\"WebSite\",\"@id\":\"https:\/\/altheaherbs.gr\/de\/#website\",\"url\":\"https:\/\/altheaherbs.gr\/de\/\",\"name\":\"Althea Herbs De\",\"description\":\"Just another WordPress site\",\"potentialAction\":[{\"@type\":\"SearchAction\",\"target\":{\"@type\":\"EntryPoint\",\"urlTemplate\":\"https:\/\/altheaherbs.gr\/de\/?s={search_term_string}\"},\"query-input\":{\"@type\":\"PropertyValueSpecification\",\"valueRequired\":true,\"valueName\":\"search_term_string\"}}],\"inLanguage\":\"en-US\"}]}<\/script>\n<!-- \/ Yoast SEO plugin. -->","yoast_head_json":{"title":"Bergtee vom Olymp - Althea Herbs De","robots":{"index":"index","follow":"follow","max-snippet":"max-snippet:-1","max-image-preview":"max-image-preview:large","max-video-preview":"max-video-preview:-1"},"canonical":"https:\/\/altheaherbs.gr\/de\/product\/\u03c4\u03c3\u03b1\u03ca-3\/","og_locale":"en_US","og_type":"article","og_title":"Bergtee vom Olymp - Althea Herbs De","og_description":"Ab dem ersten Schluck, schlie\u00dfen Sie ihre Augen und reisen sie mit dem Geschmack bis zum Olymp, mitten im Sommer. In der vollen Bl\u00fcte. Im Zeitpunkt in dem wir mit der Hand ausschlie\u00dflich die Bl\u00fctenst\u00e4nde sammeln. F\u00fchlen Sie die Natur mit allen Ihren Sinnen.\u00a0 Genie\u00dfen Sie das Aroma der Natur. Authentisches Aroma von Althea. Eigenschaften Langlebiges Kraut, endemisch im Balkan, der Bergtee hat einfachen oder verzweigten, viereckigen Stiel und er ist im unteren Sprossende etwas holzig. Er w\u00e4chst wild auf felsigen Stellen und in einer H\u00f6he \u00fcber 1.000 Meter. Gesundheitsf\u00f6rdernde Wirkung Das beliebteste Produkt von Althea, der Bergtee vom Olymp, ist bekannt f\u00fcr seine vielfachen gesundheitsf\u00f6rdernden Wirkungen und seinem genussvollen Geschmack. Der Tee dieser Pflanze ist, insbesondere in den Wintermonaten, wegen der wohltuenden Wirkung bei Erk\u00e4ltungen und \u00a0Entz\u00fcndungen der oberen Atemwege, wegen der entz\u00fcndungshemmenden, bakteriostatischen und oxidationshemmenden Wirkung sehr beliebt. Diese Eigenschaften werden mit der Zugabe von Honig verst\u00e4rkt. Er ist ebenfalls wohltuend f\u00fcr den Magen, schwei\u00dftreibend, ein Tonikum, reizungshemmend und Antian\u00e4mika, da er Fe (Floca et al 1981) beinhaltet, wobei neue Studien gezeigt haben, dass SIDERITIS SCARDICA starke Wirkung gegen der \u0391lzheimer Erkrankung hat. Gebrauch Geschmackvoll und wohlriechend, er kann hei\u00df oder kalt, mit Zucker, Honig oder pur getrunken werden. Hei\u00df: Geben Sie etwas Honig, ein paar Tropfen Zitrone und ein paar Tropfen Edelbrandy zu. Kalt: Geben Sie Eisw\u00fcrfel und etwas Zitronen- oder Orangensaft zu.","og_url":"https:\/\/altheaherbs.gr\/de\/product\/\u03c4\u03c3\u03b1\u03ca-3\/","og_site_name":"Althea Herbs De","article_modified_time":"2017-10-25T14:51:20+00:00","og_image":[{"width":600,"height":600,"url":"https:\/\/altheaherbs.gr\/de\/wp-content\/uploads\/sites\/7\/2017\/01\/sideritis-1.jpg","type":"image\/jpeg"}],"twitter_card":"summary_large_image","twitter_misc":{"Est. reading time":"1 minute"},"schema":{"@context":"https:\/\/schema.org","@graph":[{"@type":"WebPage","@id":"https:\/\/altheaherbs.gr\/de\/product\/%cf%84%cf%83%ce%b1%cf%8a-3\/","url":"https:\/\/altheaherbs.gr\/de\/product\/%cf%84%cf%83%ce%b1%cf%8a-3\/","name":"Bergtee vom Olymp - Althea Herbs De","isPartOf":{"@id":"https:\/\/altheaherbs.gr\/de\/#website"},"primaryImageOfPage":{"@id":"https:\/\/altheaherbs.gr\/de\/product\/%cf%84%cf%83%ce%b1%cf%8a-3\/#primaryimage"},"image":{"@id":"https:\/\/altheaherbs.gr\/de\/product\/%cf%84%cf%83%ce%b1%cf%8a-3\/#primaryimage"},"thumbnailUrl":"https:\/\/altheaherbs.gr\/de\/wp-content\/uploads\/sites\/7\/2017\/01\/sideritis-1.jpg","datePublished":"2017-04-23T10:06:35+00:00","dateModified":"2017-10-25T14:51:20+00:00","breadcrumb":{"@id":"https:\/\/altheaherbs.gr\/de\/product\/%cf%84%cf%83%ce%b1%cf%8a-3\/#breadcrumb"},"inLanguage":"en-US","potentialAction":[{"@type":"ReadAction","target":["https:\/\/altheaherbs.gr\/de\/product\/%cf%84%cf%83%ce%b1%cf%8a-3\/"]}]},{"@type":"ImageObject","inLanguage":"en-US","@id":"https:\/\/altheaherbs.gr\/de\/product\/%cf%84%cf%83%ce%b1%cf%8a-3\/#primaryimage","url":"https:\/\/altheaherbs.gr\/de\/wp-content\/uploads\/sites\/7\/2017\/01\/sideritis-1.jpg","contentUrl":"https:\/\/altheaherbs.gr\/de\/wp-content\/uploads\/sites\/7\/2017\/01\/sideritis-1.jpg","width":600,"height":600},{"@type":"BreadcrumbList","@id":"https:\/\/altheaherbs.gr\/de\/product\/%cf%84%cf%83%ce%b1%cf%8a-3\/#breadcrumb","itemListElement":[{"@type":"ListItem","position":1,"name":"Home","item":"https:\/\/altheaherbs.gr\/de\/"},{"@type":"ListItem","position":2,"name":"UNSERE PRODUKTE","item":"https:\/\/altheaherbs.gr\/de\/shop\/"},{"@type":"ListItem","position":3,"name":"Bergtee vom Olymp"}]},{"@type":"WebSite","@id":"https:\/\/altheaherbs.gr\/de\/#website","url":"https:\/\/altheaherbs.gr\/de\/","name":"Althea Herbs De","description":"Just another WordPress site","potentialAction":[{"@type":"SearchAction","target":{"@type":"EntryPoint","urlTemplate":"https:\/\/altheaherbs.gr\/de\/?s={search_term_string}"},"query-input":{"@type":"PropertyValueSpecification","valueRequired":true,"valueName":"search_term_string"}}],"inLanguage":"en-US"}]}},"_links":{"self":[{"href":"https:\/\/altheaherbs.gr\/de\/wp-json\/wp\/v2\/product\/9137","targetHints":{"allow":["GET"]}}],"collection":[{"href":"https:\/\/altheaherbs.gr\/de\/wp-json\/wp\/v2\/product"}],"about":[{"href":"https:\/\/altheaherbs.gr\/de\/wp-json\/wp\/v2\/types\/product"}],"replies":[{"embeddable":true,"href":"https:\/\/altheaherbs.gr\/de\/wp-json\/wp\/v2\/comments?post=9137"}],"wp:featuredmedia":[{"embeddable":true,"href":"https:\/\/altheaherbs.gr\/de\/wp-json\/wp\/v2\/media\/9277"}],"wp:attachment":[{"href":"https:\/\/altheaherbs.gr\/de\/wp-json\/wp\/v2\/media?parent=9137"}],"wp:term":[{"taxonomy":"product_brand","embeddable":true,"href":"https:\/\/altheaherbs.gr\/de\/wp-json\/wp\/v2\/product_brand?post=9137"},{"taxonomy":"product_cat","embeddable":true,"href":"https:\/\/altheaherbs.gr\/de\/wp-json\/wp\/v2\/product_cat?post=9137"},{"taxonomy":"product_tag","embeddable":true,"href":"https:\/\/altheaherbs.gr\/de\/wp-json\/wp\/v2\/product_tag?post=9137"}],"curies":[{"name":"wp","href":"https:\/\/api.w.org\/{rel}","templated":true}]}}