{"id":9136,"date":"2017-04-21T10:06:23","date_gmt":"2017-04-21T10:06:23","guid":{"rendered":"http:\/\/de.altheaherbs.gr\/?post_type=product&#038;p=9136"},"modified":"2017-10-25T15:03:01","modified_gmt":"2017-10-25T15:03:01","slug":"%cf%84%cf%83%ce%b1%cf%8a-2","status":"publish","type":"product","link":"https:\/\/altheaherbs.gr\/de\/product\/%cf%84%cf%83%ce%b1%cf%8a-2\/","title":{"rendered":"Salbei"},"content":{"rendered":"<p>Salbei\u2026das Wundermittel. Dieses kleine Wunder der Natur, haben wir mit gro\u00dfer Liebe f\u00fcr den Boden der ihn erzeugt hat angebaut und nur mit den nat\u00fcrlichsten Produktionsverfahren angebaut, damit Sie Ihn authentisch als Tee oder Gew\u00fcrz genie\u00dfen k\u00f6nnen. Seine magischen Wirkungen gelangen in Ihren H\u00e4nden von Althea.<\/p>\n<p>Eigenschaften<\/p>\n<p>Der Salbei ist ein andauernder Strauch, den man im ganzen Mittelmeer auffinden kann. Er unterscheidet sich durch sein intensives Aroma und den lila Bl\u00fcten. Seine Bl\u00e4tter, die am meisten von dieser Pflanze benutzt werden, sind lang und werden kurz bevor oder w\u00e4hrend der Anfangszeit der Bl\u00fctezeit bei trockenem und sonnigem Wetter, ab Mai bis Juni gesammelt.<\/p>\n<p>Gesundheitsf\u00f6rdernde Wirkung<\/p>\n<p>Der Gebrauch von Salbei als Medikament und in der Medizin ist seit der Antike bekannt. Er wurde von den \u00c4rzten der Antike, wie z.B. Dioskouridis, Galinos und Hippokrates sehr gesch\u00e4tzt, wobei die Altgriechen die Pflanze als heilig angesehen und dem Gott Zeus gewidmet hatten. \u00a0Die Araber haben ihn als Allheilmittel ben\u00fctzt, wobei ein chinesisches Sprichwort sagt \u201ewarum m\u00fcssen Menschen sterben wenn in ihren G\u00e4rten Salbei w\u00e4chst\u201c.\u00a0 Es ist sehr charakteristisch, dass sie zwei S\u00e4cke gr\u00fcnen Tee f\u00fcr einen Sack Salbei umgetauscht haben.<\/p>\n<p>Seine Bl\u00e4tter haben schwei\u00dfhemmende, k\u00fchlende, leberfunktionshelfende, stimulierende, verdauungsf\u00f6rdernde, antiseptische, schleiml\u00f6sende und krampfl\u00f6sende Eigenschaften, wobei die Pflanze magenhelfende, stimulierende und herzf\u00f6rdernde Wirkungen hat. Er kann \u00a0bei Nervenschmerzen angewendet werden. Er ist ein nat\u00fcrliches Antibiotikum, und er hilft ebenfalls bei Verdauungsst\u00f6rungen in der Form von Tee. Ideal f\u00fcr die Therapie des Mundbereiches in F\u00e4llen von Verletzungen, Apthe, Rachen- und Zahnfleischentz\u00fcndungen.<\/p>\n<p>Gebrauch<\/p>\n<p>Au\u00dfer Tee, kann Salbei auch beim Kochen als Gew\u00fcrz ben\u00fctzt werden. Sein Pfeffergeschmack passt ausgezeichnet zu Fleisch, Fisch und K\u00e4se.<\/p>\n","protected":false},"excerpt":{"rendered":"<p>Salbei\u2026das Wundermittel. Dieses kleine Wunder der Natur, haben wir mit gro\u00dfer Liebe f\u00fcr den Boden der ihn erzeugt hat angebaut und nur mit den nat\u00fcrlichsten Produktionsverfahren angebaut, damit Sie Ihn authentisch als Tee oder Gew\u00fcrz genie\u00dfen k\u00f6nnen. Seine magischen Wirkungen gelangen in Ihren H\u00e4nden von Althea. Eigenschaften Der Salbei ist ein andauernder Strauch, den man im ganzen Mittelmeer auffinden kann. Er unterscheidet sich durch sein intensives Aroma und den lila Bl\u00fcten. Seine Bl\u00e4tter, die am meisten von dieser Pflanze benutzt werden, sind lang und werden kurz bevor oder w\u00e4hrend der Anfangszeit der Bl\u00fctezeit bei trockenem und sonnigem Wetter, ab Mai bis Juni gesammelt. Gesundheitsf\u00f6rdernde Wirkung Der Gebrauch von Salbei als Medikament und in der Medizin ist seit der Antike bekannt. Er wurde von den \u00c4rzten der Antike, wie z.B. Dioskouridis, Galinos und Hippokrates sehr gesch\u00e4tzt, wobei die Altgriechen die Pflanze als heilig angesehen und dem Gott Zeus gewidmet hatten. \u00a0Die Araber haben ihn als Allheilmittel ben\u00fctzt, wobei ein chinesisches Sprichwort sagt \u201ewarum m\u00fcssen Menschen sterben wenn in ihren G\u00e4rten Salbei w\u00e4chst\u201c.\u00a0 Es ist sehr charakteristisch, dass sie zwei S\u00e4cke gr\u00fcnen Tee f\u00fcr einen Sack Salbei umgetauscht haben. Seine Bl\u00e4tter haben schwei\u00dfhemmende, k\u00fchlende, leberfunktionshelfende, stimulierende, verdauungsf\u00f6rdernde, antiseptische, schleiml\u00f6sende und krampfl\u00f6sende Eigenschaften, wobei die Pflanze magenhelfende, stimulierende und herzf\u00f6rdernde Wirkungen hat. Er kann \u00a0bei Nervenschmerzen angewendet werden. Er ist ein nat\u00fcrliches Antibiotikum, und er hilft ebenfalls bei Verdauungsst\u00f6rungen in der Form von Tee. Ideal f\u00fcr die Therapie des Mundbereiches in F\u00e4llen von Verletzungen, Apthe, Rachen- und Zahnfleischentz\u00fcndungen. Gebrauch Au\u00dfer Tee, kann Salbei auch beim Kochen als Gew\u00fcrz ben\u00fctzt werden. Sein Pfeffergeschmack passt ausgezeichnet zu Fleisch, Fisch und K\u00e4se.<\/p>\n","protected":false},"featured_media":9276,"comment_status":"open","ping_status":"closed","template":"","meta":{"_acf_changed":false},"product_brand":[],"product_cat":[97],"product_tag":[],"class_list":{"0":"post-9136","1":"product","2":"type-product","3":"status-publish","4":"has-post-thumbnail","6":"product_cat-uncategorized","8":"first","9":"instock","10":"shipping-taxable","11":"product-type-simple"},"acf":[],"yoast_head":"<!-- This site is optimized with the Yoast SEO plugin v26.9 - https:\/\/yoast.com\/product\/yoast-seo-wordpress\/ -->\n<title>Salbei - Althea Herbs De<\/title>\n<meta name=\"robots\" content=\"index, follow, max-snippet:-1, max-image-preview:large, max-video-preview:-1\" \/>\n<link rel=\"canonical\" href=\"https:\/\/altheaherbs.gr\/de\/product\/\u03c4\u03c3\u03b1\u03ca-2\/\" \/>\n<meta property=\"og:locale\" content=\"en_US\" \/>\n<meta property=\"og:type\" content=\"article\" \/>\n<meta property=\"og:title\" content=\"Salbei - Althea Herbs De\" \/>\n<meta property=\"og:description\" content=\"Salbei\u2026das Wundermittel. Dieses kleine Wunder der Natur, haben wir mit gro\u00dfer Liebe f\u00fcr den Boden der ihn erzeugt hat angebaut und nur mit den nat\u00fcrlichsten Produktionsverfahren angebaut, damit Sie Ihn authentisch als Tee oder Gew\u00fcrz genie\u00dfen k\u00f6nnen. Seine magischen Wirkungen gelangen in Ihren H\u00e4nden von Althea. Eigenschaften Der Salbei ist ein andauernder Strauch, den man im ganzen Mittelmeer auffinden kann. Er unterscheidet sich durch sein intensives Aroma und den lila Bl\u00fcten. Seine Bl\u00e4tter, die am meisten von dieser Pflanze benutzt werden, sind lang und werden kurz bevor oder w\u00e4hrend der Anfangszeit der Bl\u00fctezeit bei trockenem und sonnigem Wetter, ab Mai bis Juni gesammelt. Gesundheitsf\u00f6rdernde Wirkung Der Gebrauch von Salbei als Medikament und in der Medizin ist seit der Antike bekannt. Er wurde von den \u00c4rzten der Antike, wie z.B. Dioskouridis, Galinos und Hippokrates sehr gesch\u00e4tzt, wobei die Altgriechen die Pflanze als heilig angesehen und dem Gott Zeus gewidmet hatten. \u00a0Die Araber haben ihn als Allheilmittel ben\u00fctzt, wobei ein chinesisches Sprichwort sagt \u201ewarum m\u00fcssen Menschen sterben wenn in ihren G\u00e4rten Salbei w\u00e4chst\u201c.\u00a0 Es ist sehr charakteristisch, dass sie zwei S\u00e4cke gr\u00fcnen Tee f\u00fcr einen Sack Salbei umgetauscht haben. Seine Bl\u00e4tter haben schwei\u00dfhemmende, k\u00fchlende, leberfunktionshelfende, stimulierende, verdauungsf\u00f6rdernde, antiseptische, schleiml\u00f6sende und krampfl\u00f6sende Eigenschaften, wobei die Pflanze magenhelfende, stimulierende und herzf\u00f6rdernde Wirkungen hat. Er kann \u00a0bei Nervenschmerzen angewendet werden. Er ist ein nat\u00fcrliches Antibiotikum, und er hilft ebenfalls bei Verdauungsst\u00f6rungen in der Form von Tee. Ideal f\u00fcr die Therapie des Mundbereiches in F\u00e4llen von Verletzungen, Apthe, Rachen- und Zahnfleischentz\u00fcndungen. Gebrauch Au\u00dfer Tee, kann Salbei auch beim Kochen als Gew\u00fcrz ben\u00fctzt werden. Sein Pfeffergeschmack passt ausgezeichnet zu Fleisch, Fisch und K\u00e4se.\" \/>\n<meta property=\"og:url\" content=\"https:\/\/altheaherbs.gr\/de\/product\/\u03c4\u03c3\u03b1\u03ca-2\/\" \/>\n<meta property=\"og:site_name\" content=\"Althea Herbs De\" \/>\n<meta property=\"article:modified_time\" content=\"2017-10-25T15:03:01+00:00\" \/>\n<meta property=\"og:image\" content=\"https:\/\/altheaherbs.gr\/de\/wp-content\/uploads\/sites\/7\/2017\/01\/faskomilo.jpg\" \/>\n\t<meta property=\"og:image:width\" content=\"600\" \/>\n\t<meta property=\"og:image:height\" content=\"599\" \/>\n\t<meta property=\"og:image:type\" content=\"image\/jpeg\" \/>\n<meta name=\"twitter:card\" content=\"summary_large_image\" \/>\n<meta name=\"twitter:label1\" content=\"Est. reading time\" \/>\n\t<meta name=\"twitter:data1\" content=\"2 minutes\" \/>\n<script type=\"application\/ld+json\" class=\"yoast-schema-graph\">{\"@context\":\"https:\/\/schema.org\",\"@graph\":[{\"@type\":\"WebPage\",\"@id\":\"https:\/\/altheaherbs.gr\/de\/product\/%cf%84%cf%83%ce%b1%cf%8a-2\/\",\"url\":\"https:\/\/altheaherbs.gr\/de\/product\/%cf%84%cf%83%ce%b1%cf%8a-2\/\",\"name\":\"Salbei - Althea Herbs De\",\"isPartOf\":{\"@id\":\"https:\/\/altheaherbs.gr\/de\/#website\"},\"primaryImageOfPage\":{\"@id\":\"https:\/\/altheaherbs.gr\/de\/product\/%cf%84%cf%83%ce%b1%cf%8a-2\/#primaryimage\"},\"image\":{\"@id\":\"https:\/\/altheaherbs.gr\/de\/product\/%cf%84%cf%83%ce%b1%cf%8a-2\/#primaryimage\"},\"thumbnailUrl\":\"https:\/\/altheaherbs.gr\/de\/wp-content\/uploads\/sites\/7\/2017\/01\/faskomilo.jpg\",\"datePublished\":\"2017-04-21T10:06:23+00:00\",\"dateModified\":\"2017-10-25T15:03:01+00:00\",\"breadcrumb\":{\"@id\":\"https:\/\/altheaherbs.gr\/de\/product\/%cf%84%cf%83%ce%b1%cf%8a-2\/#breadcrumb\"},\"inLanguage\":\"en-US\",\"potentialAction\":[{\"@type\":\"ReadAction\",\"target\":[\"https:\/\/altheaherbs.gr\/de\/product\/%cf%84%cf%83%ce%b1%cf%8a-2\/\"]}]},{\"@type\":\"ImageObject\",\"inLanguage\":\"en-US\",\"@id\":\"https:\/\/altheaherbs.gr\/de\/product\/%cf%84%cf%83%ce%b1%cf%8a-2\/#primaryimage\",\"url\":\"https:\/\/altheaherbs.gr\/de\/wp-content\/uploads\/sites\/7\/2017\/01\/faskomilo.jpg\",\"contentUrl\":\"https:\/\/altheaherbs.gr\/de\/wp-content\/uploads\/sites\/7\/2017\/01\/faskomilo.jpg\",\"width\":600,\"height\":599},{\"@type\":\"BreadcrumbList\",\"@id\":\"https:\/\/altheaherbs.gr\/de\/product\/%cf%84%cf%83%ce%b1%cf%8a-2\/#breadcrumb\",\"itemListElement\":[{\"@type\":\"ListItem\",\"position\":1,\"name\":\"Home\",\"item\":\"https:\/\/altheaherbs.gr\/de\/\"},{\"@type\":\"ListItem\",\"position\":2,\"name\":\"UNSERE PRODUKTE\",\"item\":\"https:\/\/altheaherbs.gr\/de\/shop\/\"},{\"@type\":\"ListItem\",\"position\":3,\"name\":\"Salbei\"}]},{\"@type\":\"WebSite\",\"@id\":\"https:\/\/altheaherbs.gr\/de\/#website\",\"url\":\"https:\/\/altheaherbs.gr\/de\/\",\"name\":\"Althea Herbs De\",\"description\":\"Just another WordPress site\",\"potentialAction\":[{\"@type\":\"SearchAction\",\"target\":{\"@type\":\"EntryPoint\",\"urlTemplate\":\"https:\/\/altheaherbs.gr\/de\/?s={search_term_string}\"},\"query-input\":{\"@type\":\"PropertyValueSpecification\",\"valueRequired\":true,\"valueName\":\"search_term_string\"}}],\"inLanguage\":\"en-US\"}]}<\/script>\n<!-- \/ Yoast SEO plugin. -->","yoast_head_json":{"title":"Salbei - Althea Herbs De","robots":{"index":"index","follow":"follow","max-snippet":"max-snippet:-1","max-image-preview":"max-image-preview:large","max-video-preview":"max-video-preview:-1"},"canonical":"https:\/\/altheaherbs.gr\/de\/product\/\u03c4\u03c3\u03b1\u03ca-2\/","og_locale":"en_US","og_type":"article","og_title":"Salbei - Althea Herbs De","og_description":"Salbei\u2026das Wundermittel. Dieses kleine Wunder der Natur, haben wir mit gro\u00dfer Liebe f\u00fcr den Boden der ihn erzeugt hat angebaut und nur mit den nat\u00fcrlichsten Produktionsverfahren angebaut, damit Sie Ihn authentisch als Tee oder Gew\u00fcrz genie\u00dfen k\u00f6nnen. Seine magischen Wirkungen gelangen in Ihren H\u00e4nden von Althea. Eigenschaften Der Salbei ist ein andauernder Strauch, den man im ganzen Mittelmeer auffinden kann. Er unterscheidet sich durch sein intensives Aroma und den lila Bl\u00fcten. Seine Bl\u00e4tter, die am meisten von dieser Pflanze benutzt werden, sind lang und werden kurz bevor oder w\u00e4hrend der Anfangszeit der Bl\u00fctezeit bei trockenem und sonnigem Wetter, ab Mai bis Juni gesammelt. Gesundheitsf\u00f6rdernde Wirkung Der Gebrauch von Salbei als Medikament und in der Medizin ist seit der Antike bekannt. Er wurde von den \u00c4rzten der Antike, wie z.B. Dioskouridis, Galinos und Hippokrates sehr gesch\u00e4tzt, wobei die Altgriechen die Pflanze als heilig angesehen und dem Gott Zeus gewidmet hatten. \u00a0Die Araber haben ihn als Allheilmittel ben\u00fctzt, wobei ein chinesisches Sprichwort sagt \u201ewarum m\u00fcssen Menschen sterben wenn in ihren G\u00e4rten Salbei w\u00e4chst\u201c.\u00a0 Es ist sehr charakteristisch, dass sie zwei S\u00e4cke gr\u00fcnen Tee f\u00fcr einen Sack Salbei umgetauscht haben. Seine Bl\u00e4tter haben schwei\u00dfhemmende, k\u00fchlende, leberfunktionshelfende, stimulierende, verdauungsf\u00f6rdernde, antiseptische, schleiml\u00f6sende und krampfl\u00f6sende Eigenschaften, wobei die Pflanze magenhelfende, stimulierende und herzf\u00f6rdernde Wirkungen hat. Er kann \u00a0bei Nervenschmerzen angewendet werden. Er ist ein nat\u00fcrliches Antibiotikum, und er hilft ebenfalls bei Verdauungsst\u00f6rungen in der Form von Tee. Ideal f\u00fcr die Therapie des Mundbereiches in F\u00e4llen von Verletzungen, Apthe, Rachen- und Zahnfleischentz\u00fcndungen. Gebrauch Au\u00dfer Tee, kann Salbei auch beim Kochen als Gew\u00fcrz ben\u00fctzt werden. Sein Pfeffergeschmack passt ausgezeichnet zu Fleisch, Fisch und K\u00e4se.","og_url":"https:\/\/altheaherbs.gr\/de\/product\/\u03c4\u03c3\u03b1\u03ca-2\/","og_site_name":"Althea Herbs De","article_modified_time":"2017-10-25T15:03:01+00:00","og_image":[{"width":600,"height":599,"url":"https:\/\/altheaherbs.gr\/de\/wp-content\/uploads\/sites\/7\/2017\/01\/faskomilo.jpg","type":"image\/jpeg"}],"twitter_card":"summary_large_image","twitter_misc":{"Est. reading time":"2 minutes"},"schema":{"@context":"https:\/\/schema.org","@graph":[{"@type":"WebPage","@id":"https:\/\/altheaherbs.gr\/de\/product\/%cf%84%cf%83%ce%b1%cf%8a-2\/","url":"https:\/\/altheaherbs.gr\/de\/product\/%cf%84%cf%83%ce%b1%cf%8a-2\/","name":"Salbei - Althea Herbs De","isPartOf":{"@id":"https:\/\/altheaherbs.gr\/de\/#website"},"primaryImageOfPage":{"@id":"https:\/\/altheaherbs.gr\/de\/product\/%cf%84%cf%83%ce%b1%cf%8a-2\/#primaryimage"},"image":{"@id":"https:\/\/altheaherbs.gr\/de\/product\/%cf%84%cf%83%ce%b1%cf%8a-2\/#primaryimage"},"thumbnailUrl":"https:\/\/altheaherbs.gr\/de\/wp-content\/uploads\/sites\/7\/2017\/01\/faskomilo.jpg","datePublished":"2017-04-21T10:06:23+00:00","dateModified":"2017-10-25T15:03:01+00:00","breadcrumb":{"@id":"https:\/\/altheaherbs.gr\/de\/product\/%cf%84%cf%83%ce%b1%cf%8a-2\/#breadcrumb"},"inLanguage":"en-US","potentialAction":[{"@type":"ReadAction","target":["https:\/\/altheaherbs.gr\/de\/product\/%cf%84%cf%83%ce%b1%cf%8a-2\/"]}]},{"@type":"ImageObject","inLanguage":"en-US","@id":"https:\/\/altheaherbs.gr\/de\/product\/%cf%84%cf%83%ce%b1%cf%8a-2\/#primaryimage","url":"https:\/\/altheaherbs.gr\/de\/wp-content\/uploads\/sites\/7\/2017\/01\/faskomilo.jpg","contentUrl":"https:\/\/altheaherbs.gr\/de\/wp-content\/uploads\/sites\/7\/2017\/01\/faskomilo.jpg","width":600,"height":599},{"@type":"BreadcrumbList","@id":"https:\/\/altheaherbs.gr\/de\/product\/%cf%84%cf%83%ce%b1%cf%8a-2\/#breadcrumb","itemListElement":[{"@type":"ListItem","position":1,"name":"Home","item":"https:\/\/altheaherbs.gr\/de\/"},{"@type":"ListItem","position":2,"name":"UNSERE PRODUKTE","item":"https:\/\/altheaherbs.gr\/de\/shop\/"},{"@type":"ListItem","position":3,"name":"Salbei"}]},{"@type":"WebSite","@id":"https:\/\/altheaherbs.gr\/de\/#website","url":"https:\/\/altheaherbs.gr\/de\/","name":"Althea Herbs De","description":"Just another WordPress site","potentialAction":[{"@type":"SearchAction","target":{"@type":"EntryPoint","urlTemplate":"https:\/\/altheaherbs.gr\/de\/?s={search_term_string}"},"query-input":{"@type":"PropertyValueSpecification","valueRequired":true,"valueName":"search_term_string"}}],"inLanguage":"en-US"}]}},"_links":{"self":[{"href":"https:\/\/altheaherbs.gr\/de\/wp-json\/wp\/v2\/product\/9136","targetHints":{"allow":["GET"]}}],"collection":[{"href":"https:\/\/altheaherbs.gr\/de\/wp-json\/wp\/v2\/product"}],"about":[{"href":"https:\/\/altheaherbs.gr\/de\/wp-json\/wp\/v2\/types\/product"}],"replies":[{"embeddable":true,"href":"https:\/\/altheaherbs.gr\/de\/wp-json\/wp\/v2\/comments?post=9136"}],"wp:featuredmedia":[{"embeddable":true,"href":"https:\/\/altheaherbs.gr\/de\/wp-json\/wp\/v2\/media\/9276"}],"wp:attachment":[{"href":"https:\/\/altheaherbs.gr\/de\/wp-json\/wp\/v2\/media?parent=9136"}],"wp:term":[{"taxonomy":"product_brand","embeddable":true,"href":"https:\/\/altheaherbs.gr\/de\/wp-json\/wp\/v2\/product_brand?post=9136"},{"taxonomy":"product_cat","embeddable":true,"href":"https:\/\/altheaherbs.gr\/de\/wp-json\/wp\/v2\/product_cat?post=9136"},{"taxonomy":"product_tag","embeddable":true,"href":"https:\/\/altheaherbs.gr\/de\/wp-json\/wp\/v2\/product_tag?post=9136"}],"curies":[{"name":"wp","href":"https:\/\/api.w.org\/{rel}","templated":true}]}}