{"id":9135,"date":"2017-01-23T10:06:12","date_gmt":"2017-01-23T10:06:12","guid":{"rendered":"http:\/\/de.altheaherbs.gr\/?post_type=product&#038;p=9135"},"modified":"2017-10-25T14:59:38","modified_gmt":"2017-10-25T14:59:38","slug":"%cf%84%cf%83%ce%b1%cf%8a","status":"publish","type":"product","link":"https:\/\/altheaherbs.gr\/de\/product\/%cf%84%cf%83%ce%b1%cf%8a\/","title":{"rendered":"Thymian"},"content":{"rendered":"<p>Thymian. Das Aroma der wilden Natur. Eine Brise aus Sommer. Auf einem frischgeschnittenem Salat. Um Ihre kulinarischen Kreationen zu marinieren. Wir haben ihn einzeln gesammelt und die Natur in Ihre K\u00fcche gebracht. Voller, reiner Geschmack von Althea.<\/p>\n<p>Eigenschaften<\/p>\n<p>Ein ausdauernder niedriger Halbstrauch, extrem widerst\u00e4ndig und aromareich. Man findet ihn in den s\u00fcdlichen und Mittelmeergebieten von Europa, sowie in verschiedenen Bereichen von Asien.<\/p>\n<p>Gesundheitsf\u00f6rdernde Wirkung<\/p>\n<p>Seine Nutzung ist seit der Antike, wegen seiner medizinischen\u00a0 Eigenschaften bekannt und er hat eine besondere Rolle in der Arzneimittelindustrie und der Medizin der antiken V\u00f6lker des Mittelmeers, wie z.B. bei den Griechen, den R\u00f6mern und den \u00c4gyptern. Die wohltuenden Eigenschaften sind prinzipiell auf Thymol zur\u00fcckzuf\u00fchren, welches die Hauptsubstanz seines \u00e4therischen \u00d6les ist.\u00a0 Der Thymian hat antiseptische, pilzt\u00f6tende, antimikrobielle, schleiml\u00f6sende und antioxidierende Eigenschaften und er ist die wichtigste Pflanze mit den meisten therapeutischen Eigenschaften.<\/p>\n<p>Gebrauch<\/p>\n<p>Charakteristisches Gew\u00fcrz der mediterranischen K\u00fcche, neben Oregano und Basilikum.<\/p>\n<p>Er wird frisch oder getrocknet verwendet und er w\u00fcrzt ausgezeichnet Fleisch, Fisch, Suppen, Saucen und Salate. Es werden die Bl\u00e4tter und die Bl\u00fctenspitzen verwendet.<\/p>\n","protected":false},"excerpt":{"rendered":"<p>Thymian. Das Aroma der wilden Natur. Eine Brise aus Sommer. Auf einem frischgeschnittenem Salat. Um Ihre kulinarischen Kreationen zu marinieren. Wir haben ihn einzeln gesammelt und die Natur in Ihre K\u00fcche gebracht. Voller, reiner Geschmack von Althea. Eigenschaften Ein ausdauernder niedriger Halbstrauch, extrem widerst\u00e4ndig und aromareich. Man findet ihn in den s\u00fcdlichen und Mittelmeergebieten von Europa, sowie in verschiedenen Bereichen von Asien. Gesundheitsf\u00f6rdernde Wirkung Seine Nutzung ist seit der Antike, wegen seiner medizinischen\u00a0 Eigenschaften bekannt und er hat eine besondere Rolle in der Arzneimittelindustrie und der Medizin der antiken V\u00f6lker des Mittelmeers, wie z.B. bei den Griechen, den R\u00f6mern und den \u00c4gyptern. Die wohltuenden Eigenschaften sind prinzipiell auf Thymol zur\u00fcckzuf\u00fchren, welches die Hauptsubstanz seines \u00e4therischen \u00d6les ist.\u00a0 Der Thymian hat antiseptische, pilzt\u00f6tende, antimikrobielle, schleiml\u00f6sende und antioxidierende Eigenschaften und er ist die wichtigste Pflanze mit den meisten therapeutischen Eigenschaften. Gebrauch Charakteristisches Gew\u00fcrz der mediterranischen K\u00fcche, neben Oregano und Basilikum. Er wird frisch oder getrocknet verwendet und er w\u00fcrzt ausgezeichnet Fleisch, Fisch, Suppen, Saucen und Salate. Es werden die Bl\u00e4tter und die Bl\u00fctenspitzen verwendet.<\/p>\n","protected":false},"featured_media":9279,"comment_status":"open","ping_status":"closed","template":"","meta":{"_acf_changed":false},"product_brand":[],"product_cat":[97],"product_tag":[],"class_list":{"0":"post-9135","1":"product","2":"type-product","3":"status-publish","4":"has-post-thumbnail","6":"product_cat-uncategorized","8":"first","9":"instock","10":"shipping-taxable","11":"product-type-simple"},"acf":[],"yoast_head":"<!-- This site is optimized with the Yoast SEO plugin v26.9 - https:\/\/yoast.com\/product\/yoast-seo-wordpress\/ -->\n<title>Thymian - Althea Herbs De<\/title>\n<meta name=\"robots\" content=\"index, follow, max-snippet:-1, max-image-preview:large, max-video-preview:-1\" \/>\n<link rel=\"canonical\" href=\"https:\/\/altheaherbs.gr\/de\/product\/\u03c4\u03c3\u03b1\u03ca\/\" \/>\n<meta property=\"og:locale\" content=\"en_US\" \/>\n<meta property=\"og:type\" content=\"article\" \/>\n<meta property=\"og:title\" content=\"Thymian - Althea Herbs De\" \/>\n<meta property=\"og:description\" content=\"Thymian. Das Aroma der wilden Natur. Eine Brise aus Sommer. Auf einem frischgeschnittenem Salat. Um Ihre kulinarischen Kreationen zu marinieren. Wir haben ihn einzeln gesammelt und die Natur in Ihre K\u00fcche gebracht. Voller, reiner Geschmack von Althea. Eigenschaften Ein ausdauernder niedriger Halbstrauch, extrem widerst\u00e4ndig und aromareich. Man findet ihn in den s\u00fcdlichen und Mittelmeergebieten von Europa, sowie in verschiedenen Bereichen von Asien. Gesundheitsf\u00f6rdernde Wirkung Seine Nutzung ist seit der Antike, wegen seiner medizinischen\u00a0 Eigenschaften bekannt und er hat eine besondere Rolle in der Arzneimittelindustrie und der Medizin der antiken V\u00f6lker des Mittelmeers, wie z.B. bei den Griechen, den R\u00f6mern und den \u00c4gyptern. Die wohltuenden Eigenschaften sind prinzipiell auf Thymol zur\u00fcckzuf\u00fchren, welches die Hauptsubstanz seines \u00e4therischen \u00d6les ist.\u00a0 Der Thymian hat antiseptische, pilzt\u00f6tende, antimikrobielle, schleiml\u00f6sende und antioxidierende Eigenschaften und er ist die wichtigste Pflanze mit den meisten therapeutischen Eigenschaften. Gebrauch Charakteristisches Gew\u00fcrz der mediterranischen K\u00fcche, neben Oregano und Basilikum. Er wird frisch oder getrocknet verwendet und er w\u00fcrzt ausgezeichnet Fleisch, Fisch, Suppen, Saucen und Salate. Es werden die Bl\u00e4tter und die Bl\u00fctenspitzen verwendet.\" \/>\n<meta property=\"og:url\" content=\"https:\/\/altheaherbs.gr\/de\/product\/\u03c4\u03c3\u03b1\u03ca\/\" \/>\n<meta property=\"og:site_name\" content=\"Althea Herbs De\" \/>\n<meta property=\"article:modified_time\" content=\"2017-10-25T14:59:38+00:00\" \/>\n<meta property=\"og:image\" content=\"https:\/\/altheaherbs.gr\/de\/wp-content\/uploads\/sites\/7\/2017\/01\/thimari.jpg\" \/>\n\t<meta property=\"og:image:width\" content=\"600\" \/>\n\t<meta property=\"og:image:height\" content=\"600\" \/>\n\t<meta property=\"og:image:type\" content=\"image\/jpeg\" \/>\n<meta name=\"twitter:card\" content=\"summary_large_image\" \/>\n<meta name=\"twitter:label1\" content=\"Est. reading time\" \/>\n\t<meta name=\"twitter:data1\" content=\"1 minute\" \/>\n<script type=\"application\/ld+json\" class=\"yoast-schema-graph\">{\"@context\":\"https:\/\/schema.org\",\"@graph\":[{\"@type\":\"WebPage\",\"@id\":\"https:\/\/altheaherbs.gr\/de\/product\/%cf%84%cf%83%ce%b1%cf%8a\/\",\"url\":\"https:\/\/altheaherbs.gr\/de\/product\/%cf%84%cf%83%ce%b1%cf%8a\/\",\"name\":\"Thymian - Althea Herbs De\",\"isPartOf\":{\"@id\":\"https:\/\/altheaherbs.gr\/de\/#website\"},\"primaryImageOfPage\":{\"@id\":\"https:\/\/altheaherbs.gr\/de\/product\/%cf%84%cf%83%ce%b1%cf%8a\/#primaryimage\"},\"image\":{\"@id\":\"https:\/\/altheaherbs.gr\/de\/product\/%cf%84%cf%83%ce%b1%cf%8a\/#primaryimage\"},\"thumbnailUrl\":\"https:\/\/altheaherbs.gr\/de\/wp-content\/uploads\/sites\/7\/2017\/01\/thimari.jpg\",\"datePublished\":\"2017-01-23T10:06:12+00:00\",\"dateModified\":\"2017-10-25T14:59:38+00:00\",\"breadcrumb\":{\"@id\":\"https:\/\/altheaherbs.gr\/de\/product\/%cf%84%cf%83%ce%b1%cf%8a\/#breadcrumb\"},\"inLanguage\":\"en-US\",\"potentialAction\":[{\"@type\":\"ReadAction\",\"target\":[\"https:\/\/altheaherbs.gr\/de\/product\/%cf%84%cf%83%ce%b1%cf%8a\/\"]}]},{\"@type\":\"ImageObject\",\"inLanguage\":\"en-US\",\"@id\":\"https:\/\/altheaherbs.gr\/de\/product\/%cf%84%cf%83%ce%b1%cf%8a\/#primaryimage\",\"url\":\"https:\/\/altheaherbs.gr\/de\/wp-content\/uploads\/sites\/7\/2017\/01\/thimari.jpg\",\"contentUrl\":\"https:\/\/altheaherbs.gr\/de\/wp-content\/uploads\/sites\/7\/2017\/01\/thimari.jpg\",\"width\":600,\"height\":600},{\"@type\":\"BreadcrumbList\",\"@id\":\"https:\/\/altheaherbs.gr\/de\/product\/%cf%84%cf%83%ce%b1%cf%8a\/#breadcrumb\",\"itemListElement\":[{\"@type\":\"ListItem\",\"position\":1,\"name\":\"Home\",\"item\":\"https:\/\/altheaherbs.gr\/de\/\"},{\"@type\":\"ListItem\",\"position\":2,\"name\":\"UNSERE PRODUKTE\",\"item\":\"https:\/\/altheaherbs.gr\/de\/shop\/\"},{\"@type\":\"ListItem\",\"position\":3,\"name\":\"Thymian\"}]},{\"@type\":\"WebSite\",\"@id\":\"https:\/\/altheaherbs.gr\/de\/#website\",\"url\":\"https:\/\/altheaherbs.gr\/de\/\",\"name\":\"Althea Herbs De\",\"description\":\"Just another WordPress site\",\"potentialAction\":[{\"@type\":\"SearchAction\",\"target\":{\"@type\":\"EntryPoint\",\"urlTemplate\":\"https:\/\/altheaherbs.gr\/de\/?s={search_term_string}\"},\"query-input\":{\"@type\":\"PropertyValueSpecification\",\"valueRequired\":true,\"valueName\":\"search_term_string\"}}],\"inLanguage\":\"en-US\"}]}<\/script>\n<!-- \/ Yoast SEO plugin. -->","yoast_head_json":{"title":"Thymian - Althea Herbs De","robots":{"index":"index","follow":"follow","max-snippet":"max-snippet:-1","max-image-preview":"max-image-preview:large","max-video-preview":"max-video-preview:-1"},"canonical":"https:\/\/altheaherbs.gr\/de\/product\/\u03c4\u03c3\u03b1\u03ca\/","og_locale":"en_US","og_type":"article","og_title":"Thymian - Althea Herbs De","og_description":"Thymian. Das Aroma der wilden Natur. Eine Brise aus Sommer. Auf einem frischgeschnittenem Salat. Um Ihre kulinarischen Kreationen zu marinieren. Wir haben ihn einzeln gesammelt und die Natur in Ihre K\u00fcche gebracht. Voller, reiner Geschmack von Althea. Eigenschaften Ein ausdauernder niedriger Halbstrauch, extrem widerst\u00e4ndig und aromareich. Man findet ihn in den s\u00fcdlichen und Mittelmeergebieten von Europa, sowie in verschiedenen Bereichen von Asien. Gesundheitsf\u00f6rdernde Wirkung Seine Nutzung ist seit der Antike, wegen seiner medizinischen\u00a0 Eigenschaften bekannt und er hat eine besondere Rolle in der Arzneimittelindustrie und der Medizin der antiken V\u00f6lker des Mittelmeers, wie z.B. bei den Griechen, den R\u00f6mern und den \u00c4gyptern. Die wohltuenden Eigenschaften sind prinzipiell auf Thymol zur\u00fcckzuf\u00fchren, welches die Hauptsubstanz seines \u00e4therischen \u00d6les ist.\u00a0 Der Thymian hat antiseptische, pilzt\u00f6tende, antimikrobielle, schleiml\u00f6sende und antioxidierende Eigenschaften und er ist die wichtigste Pflanze mit den meisten therapeutischen Eigenschaften. Gebrauch Charakteristisches Gew\u00fcrz der mediterranischen K\u00fcche, neben Oregano und Basilikum. Er wird frisch oder getrocknet verwendet und er w\u00fcrzt ausgezeichnet Fleisch, Fisch, Suppen, Saucen und Salate. Es werden die Bl\u00e4tter und die Bl\u00fctenspitzen verwendet.","og_url":"https:\/\/altheaherbs.gr\/de\/product\/\u03c4\u03c3\u03b1\u03ca\/","og_site_name":"Althea Herbs De","article_modified_time":"2017-10-25T14:59:38+00:00","og_image":[{"width":600,"height":600,"url":"https:\/\/altheaherbs.gr\/de\/wp-content\/uploads\/sites\/7\/2017\/01\/thimari.jpg","type":"image\/jpeg"}],"twitter_card":"summary_large_image","twitter_misc":{"Est. reading time":"1 minute"},"schema":{"@context":"https:\/\/schema.org","@graph":[{"@type":"WebPage","@id":"https:\/\/altheaherbs.gr\/de\/product\/%cf%84%cf%83%ce%b1%cf%8a\/","url":"https:\/\/altheaherbs.gr\/de\/product\/%cf%84%cf%83%ce%b1%cf%8a\/","name":"Thymian - Althea Herbs De","isPartOf":{"@id":"https:\/\/altheaherbs.gr\/de\/#website"},"primaryImageOfPage":{"@id":"https:\/\/altheaherbs.gr\/de\/product\/%cf%84%cf%83%ce%b1%cf%8a\/#primaryimage"},"image":{"@id":"https:\/\/altheaherbs.gr\/de\/product\/%cf%84%cf%83%ce%b1%cf%8a\/#primaryimage"},"thumbnailUrl":"https:\/\/altheaherbs.gr\/de\/wp-content\/uploads\/sites\/7\/2017\/01\/thimari.jpg","datePublished":"2017-01-23T10:06:12+00:00","dateModified":"2017-10-25T14:59:38+00:00","breadcrumb":{"@id":"https:\/\/altheaherbs.gr\/de\/product\/%cf%84%cf%83%ce%b1%cf%8a\/#breadcrumb"},"inLanguage":"en-US","potentialAction":[{"@type":"ReadAction","target":["https:\/\/altheaherbs.gr\/de\/product\/%cf%84%cf%83%ce%b1%cf%8a\/"]}]},{"@type":"ImageObject","inLanguage":"en-US","@id":"https:\/\/altheaherbs.gr\/de\/product\/%cf%84%cf%83%ce%b1%cf%8a\/#primaryimage","url":"https:\/\/altheaherbs.gr\/de\/wp-content\/uploads\/sites\/7\/2017\/01\/thimari.jpg","contentUrl":"https:\/\/altheaherbs.gr\/de\/wp-content\/uploads\/sites\/7\/2017\/01\/thimari.jpg","width":600,"height":600},{"@type":"BreadcrumbList","@id":"https:\/\/altheaherbs.gr\/de\/product\/%cf%84%cf%83%ce%b1%cf%8a\/#breadcrumb","itemListElement":[{"@type":"ListItem","position":1,"name":"Home","item":"https:\/\/altheaherbs.gr\/de\/"},{"@type":"ListItem","position":2,"name":"UNSERE PRODUKTE","item":"https:\/\/altheaherbs.gr\/de\/shop\/"},{"@type":"ListItem","position":3,"name":"Thymian"}]},{"@type":"WebSite","@id":"https:\/\/altheaherbs.gr\/de\/#website","url":"https:\/\/altheaherbs.gr\/de\/","name":"Althea Herbs De","description":"Just another WordPress site","potentialAction":[{"@type":"SearchAction","target":{"@type":"EntryPoint","urlTemplate":"https:\/\/altheaherbs.gr\/de\/?s={search_term_string}"},"query-input":{"@type":"PropertyValueSpecification","valueRequired":true,"valueName":"search_term_string"}}],"inLanguage":"en-US"}]}},"_links":{"self":[{"href":"https:\/\/altheaherbs.gr\/de\/wp-json\/wp\/v2\/product\/9135","targetHints":{"allow":["GET"]}}],"collection":[{"href":"https:\/\/altheaherbs.gr\/de\/wp-json\/wp\/v2\/product"}],"about":[{"href":"https:\/\/altheaherbs.gr\/de\/wp-json\/wp\/v2\/types\/product"}],"replies":[{"embeddable":true,"href":"https:\/\/altheaherbs.gr\/de\/wp-json\/wp\/v2\/comments?post=9135"}],"wp:featuredmedia":[{"embeddable":true,"href":"https:\/\/altheaherbs.gr\/de\/wp-json\/wp\/v2\/media\/9279"}],"wp:attachment":[{"href":"https:\/\/altheaherbs.gr\/de\/wp-json\/wp\/v2\/media?parent=9135"}],"wp:term":[{"taxonomy":"product_brand","embeddable":true,"href":"https:\/\/altheaherbs.gr\/de\/wp-json\/wp\/v2\/product_brand?post=9135"},{"taxonomy":"product_cat","embeddable":true,"href":"https:\/\/altheaherbs.gr\/de\/wp-json\/wp\/v2\/product_cat?post=9135"},{"taxonomy":"product_tag","embeddable":true,"href":"https:\/\/altheaherbs.gr\/de\/wp-json\/wp\/v2\/product_tag?post=9135"}],"curies":[{"name":"wp","href":"https:\/\/api.w.org\/{rel}","templated":true}]}}