{"id":9102,"date":"2017-04-22T07:07:00","date_gmt":"2017-04-22T07:07:00","guid":{"rendered":"http:\/\/de.altheaherbs.gr\/?post_type=product&#038;p=9102"},"modified":"2017-10-25T15:04:25","modified_gmt":"2017-10-25T15:04:25","slug":"%cf%81%ce%b9%ce%b3%ce%b1%ce%bd%ce%b7","status":"publish","type":"product","link":"https:\/\/altheaherbs.gr\/de\/product\/%cf%81%ce%b9%ce%b3%ce%b1%ce%bd%ce%b7\/","title":{"rendered":"Griechischer Oregano"},"content":{"rendered":"<p>Es riecht wundervoll nach griechischer Erde. Ein gesegneter Ort, eine fruchtbare Heimat. H\u00e4nde die pflegen und ihre eigene Note in jedes ein Gericht das mit viel Liebe zubereitet wurde, hinzuf\u00fcgen. Wir haben per Hand nur die Bl\u00fctenspitzen und die Bl\u00e4tter gepfl\u00fcgt. Griechischer Oregano. K\u00f6nigliches Aroma von Althea.<\/p>\n<p>Eigenschaften<\/p>\n<p>Oregano ist ein aromatischer, ausdauernder, einheimischer Halbstrauch im Mittelmeer und Zentralasien. Die Unterart hirtum (heracleoticum) ist der griechische Oregano, der wild fast im ganzen Land w\u00e4chst und als der Beste in Qualit\u00e4t weltweit, wegen seines intensiven Aromas und die hohe\u00a0 Konzentration an \u00e4therischem \u00d6l und speziell in Carvacrol, welche die medizinische Hauptsubstanz von Oregano ist, anerkannt wird.<\/p>\n<p>Gesundheitsf\u00f6rdernde Wirkung<\/p>\n<p>Sein Name (oregano) stammt aus dem altgriechischem, da er von Hippokrates und Dioskouridis f\u00fcr seine therapeutischen Eigenschaften gelobt wurde. Oregano hat starke antibiotische Wirkung, sowie eine gro\u00dfe Anzahl an anderen Eigenschaften. Oregano hilft gegen Durchfall, er ist entz\u00fcndungshemmend, er hilft gegen bakteriellen Infektionen, er ist schleiml\u00f6send und er hilft bei chronischem Rheumatismus. Oregano hat \u00a012 Mal mehr oxidationshemmende Wirkung im Gegensatz zu Orangen, 30 Mal mehr im Gegensatz zu Kartoffeln und 42 Mal mehr im Gegensatz zu \u00c4pfeln.<\/p>\n<p>Gebrauch<\/p>\n<p>In der K\u00fcche ist Oregano das Hauptgew\u00fcrz der Mittelmeerl\u00e4nder und die Hauptzutat in der griechischen und italienischen K\u00fcche. Oregano kann fast in allen Gerichten und Salaten verwendet werden, um ihnen einen reichen Geschmack und Aroma zu verleihen.<\/p>\n","protected":false},"excerpt":{"rendered":"<p>Es riecht wundervoll nach griechischer Erde. Ein gesegneter Ort, eine fruchtbare Heimat. H\u00e4nde die pflegen und ihre eigene Note in jedes ein Gericht das mit viel Liebe zubereitet wurde, hinzuf\u00fcgen. Wir haben per Hand nur die Bl\u00fctenspitzen und die Bl\u00e4tter gepfl\u00fcgt. Griechischer Oregano. K\u00f6nigliches Aroma von Althea. Eigenschaften Oregano ist ein aromatischer, ausdauernder, einheimischer Halbstrauch im Mittelmeer und Zentralasien. Die Unterart hirtum (heracleoticum) ist der griechische Oregano, der wild fast im ganzen Land w\u00e4chst und als der Beste in Qualit\u00e4t weltweit, wegen seines intensiven Aromas und die hohe\u00a0 Konzentration an \u00e4therischem \u00d6l und speziell in Carvacrol, welche die medizinische Hauptsubstanz von Oregano ist, anerkannt wird. Gesundheitsf\u00f6rdernde Wirkung Sein Name (oregano) stammt aus dem altgriechischem, da er von Hippokrates und Dioskouridis f\u00fcr seine therapeutischen Eigenschaften gelobt wurde. Oregano hat starke antibiotische Wirkung, sowie eine gro\u00dfe Anzahl an anderen Eigenschaften. Oregano hilft gegen Durchfall, er ist entz\u00fcndungshemmend, er hilft gegen bakteriellen Infektionen, er ist schleiml\u00f6send und er hilft bei chronischem Rheumatismus. Oregano hat \u00a012 Mal mehr oxidationshemmende Wirkung im Gegensatz zu Orangen, 30 Mal mehr im Gegensatz zu Kartoffeln und 42 Mal mehr im Gegensatz zu \u00c4pfeln. Gebrauch In der K\u00fcche ist Oregano das Hauptgew\u00fcrz der Mittelmeerl\u00e4nder und die Hauptzutat in der griechischen und italienischen K\u00fcche. Oregano kann fast in allen Gerichten und Salaten verwendet werden, um ihnen einen reichen Geschmack und Aroma zu verleihen.<\/p>\n","protected":false},"featured_media":9275,"comment_status":"open","ping_status":"closed","template":"","meta":{"_acf_changed":false},"product_brand":[],"product_cat":[97],"product_tag":[],"class_list":{"0":"post-9102","1":"product","2":"type-product","3":"status-publish","4":"has-post-thumbnail","6":"product_cat-uncategorized","8":"first","9":"instock","10":"shipping-taxable","11":"product-type-simple"},"acf":[],"yoast_head":"<!-- This site is optimized with the Yoast SEO plugin v26.9 - https:\/\/yoast.com\/product\/yoast-seo-wordpress\/ -->\n<title>Griechischer Oregano - Althea Herbs De<\/title>\n<meta name=\"robots\" content=\"index, follow, max-snippet:-1, max-image-preview:large, max-video-preview:-1\" \/>\n<link rel=\"canonical\" href=\"https:\/\/altheaherbs.gr\/de\/product\/\u03c1\u03b9\u03b3\u03b1\u03bd\u03b7\/\" \/>\n<meta property=\"og:locale\" content=\"en_US\" \/>\n<meta property=\"og:type\" content=\"article\" \/>\n<meta property=\"og:title\" content=\"Griechischer Oregano - Althea Herbs De\" \/>\n<meta property=\"og:description\" content=\"Es riecht wundervoll nach griechischer Erde. Ein gesegneter Ort, eine fruchtbare Heimat. H\u00e4nde die pflegen und ihre eigene Note in jedes ein Gericht das mit viel Liebe zubereitet wurde, hinzuf\u00fcgen. Wir haben per Hand nur die Bl\u00fctenspitzen und die Bl\u00e4tter gepfl\u00fcgt. Griechischer Oregano. K\u00f6nigliches Aroma von Althea. Eigenschaften Oregano ist ein aromatischer, ausdauernder, einheimischer Halbstrauch im Mittelmeer und Zentralasien. Die Unterart hirtum (heracleoticum) ist der griechische Oregano, der wild fast im ganzen Land w\u00e4chst und als der Beste in Qualit\u00e4t weltweit, wegen seines intensiven Aromas und die hohe\u00a0 Konzentration an \u00e4therischem \u00d6l und speziell in Carvacrol, welche die medizinische Hauptsubstanz von Oregano ist, anerkannt wird. Gesundheitsf\u00f6rdernde Wirkung Sein Name (oregano) stammt aus dem altgriechischem, da er von Hippokrates und Dioskouridis f\u00fcr seine therapeutischen Eigenschaften gelobt wurde. Oregano hat starke antibiotische Wirkung, sowie eine gro\u00dfe Anzahl an anderen Eigenschaften. Oregano hilft gegen Durchfall, er ist entz\u00fcndungshemmend, er hilft gegen bakteriellen Infektionen, er ist schleiml\u00f6send und er hilft bei chronischem Rheumatismus. Oregano hat \u00a012 Mal mehr oxidationshemmende Wirkung im Gegensatz zu Orangen, 30 Mal mehr im Gegensatz zu Kartoffeln und 42 Mal mehr im Gegensatz zu \u00c4pfeln. Gebrauch In der K\u00fcche ist Oregano das Hauptgew\u00fcrz der Mittelmeerl\u00e4nder und die Hauptzutat in der griechischen und italienischen K\u00fcche. Oregano kann fast in allen Gerichten und Salaten verwendet werden, um ihnen einen reichen Geschmack und Aroma zu verleihen.\" \/>\n<meta property=\"og:url\" content=\"https:\/\/altheaherbs.gr\/de\/product\/\u03c1\u03b9\u03b3\u03b1\u03bd\u03b7\/\" \/>\n<meta property=\"og:site_name\" content=\"Althea Herbs De\" \/>\n<meta property=\"article:modified_time\" content=\"2017-10-25T15:04:25+00:00\" \/>\n<meta property=\"og:image\" content=\"https:\/\/altheaherbs.gr\/de\/wp-content\/uploads\/sites\/7\/2017\/01\/rigani.jpg\" \/>\n\t<meta property=\"og:image:width\" content=\"600\" \/>\n\t<meta property=\"og:image:height\" content=\"600\" \/>\n\t<meta property=\"og:image:type\" content=\"image\/jpeg\" \/>\n<meta name=\"twitter:card\" content=\"summary_large_image\" \/>\n<meta name=\"twitter:label1\" content=\"Est. reading time\" \/>\n\t<meta name=\"twitter:data1\" content=\"1 minute\" \/>\n<script type=\"application\/ld+json\" class=\"yoast-schema-graph\">{\"@context\":\"https:\/\/schema.org\",\"@graph\":[{\"@type\":\"WebPage\",\"@id\":\"https:\/\/altheaherbs.gr\/de\/product\/%cf%81%ce%b9%ce%b3%ce%b1%ce%bd%ce%b7\/\",\"url\":\"https:\/\/altheaherbs.gr\/de\/product\/%cf%81%ce%b9%ce%b3%ce%b1%ce%bd%ce%b7\/\",\"name\":\"Griechischer Oregano - Althea Herbs De\",\"isPartOf\":{\"@id\":\"https:\/\/altheaherbs.gr\/de\/#website\"},\"primaryImageOfPage\":{\"@id\":\"https:\/\/altheaherbs.gr\/de\/product\/%cf%81%ce%b9%ce%b3%ce%b1%ce%bd%ce%b7\/#primaryimage\"},\"image\":{\"@id\":\"https:\/\/altheaherbs.gr\/de\/product\/%cf%81%ce%b9%ce%b3%ce%b1%ce%bd%ce%b7\/#primaryimage\"},\"thumbnailUrl\":\"https:\/\/altheaherbs.gr\/de\/wp-content\/uploads\/sites\/7\/2017\/01\/rigani.jpg\",\"datePublished\":\"2017-04-22T07:07:00+00:00\",\"dateModified\":\"2017-10-25T15:04:25+00:00\",\"breadcrumb\":{\"@id\":\"https:\/\/altheaherbs.gr\/de\/product\/%cf%81%ce%b9%ce%b3%ce%b1%ce%bd%ce%b7\/#breadcrumb\"},\"inLanguage\":\"en-US\",\"potentialAction\":[{\"@type\":\"ReadAction\",\"target\":[\"https:\/\/altheaherbs.gr\/de\/product\/%cf%81%ce%b9%ce%b3%ce%b1%ce%bd%ce%b7\/\"]}]},{\"@type\":\"ImageObject\",\"inLanguage\":\"en-US\",\"@id\":\"https:\/\/altheaherbs.gr\/de\/product\/%cf%81%ce%b9%ce%b3%ce%b1%ce%bd%ce%b7\/#primaryimage\",\"url\":\"https:\/\/altheaherbs.gr\/de\/wp-content\/uploads\/sites\/7\/2017\/01\/rigani.jpg\",\"contentUrl\":\"https:\/\/altheaherbs.gr\/de\/wp-content\/uploads\/sites\/7\/2017\/01\/rigani.jpg\",\"width\":600,\"height\":600},{\"@type\":\"BreadcrumbList\",\"@id\":\"https:\/\/altheaherbs.gr\/de\/product\/%cf%81%ce%b9%ce%b3%ce%b1%ce%bd%ce%b7\/#breadcrumb\",\"itemListElement\":[{\"@type\":\"ListItem\",\"position\":1,\"name\":\"Home\",\"item\":\"https:\/\/altheaherbs.gr\/de\/\"},{\"@type\":\"ListItem\",\"position\":2,\"name\":\"UNSERE PRODUKTE\",\"item\":\"https:\/\/altheaherbs.gr\/de\/shop\/\"},{\"@type\":\"ListItem\",\"position\":3,\"name\":\"Griechischer Oregano\"}]},{\"@type\":\"WebSite\",\"@id\":\"https:\/\/altheaherbs.gr\/de\/#website\",\"url\":\"https:\/\/altheaherbs.gr\/de\/\",\"name\":\"Althea Herbs De\",\"description\":\"Just another WordPress site\",\"potentialAction\":[{\"@type\":\"SearchAction\",\"target\":{\"@type\":\"EntryPoint\",\"urlTemplate\":\"https:\/\/altheaherbs.gr\/de\/?s={search_term_string}\"},\"query-input\":{\"@type\":\"PropertyValueSpecification\",\"valueRequired\":true,\"valueName\":\"search_term_string\"}}],\"inLanguage\":\"en-US\"}]}<\/script>\n<!-- \/ Yoast SEO plugin. -->","yoast_head_json":{"title":"Griechischer Oregano - Althea Herbs De","robots":{"index":"index","follow":"follow","max-snippet":"max-snippet:-1","max-image-preview":"max-image-preview:large","max-video-preview":"max-video-preview:-1"},"canonical":"https:\/\/altheaherbs.gr\/de\/product\/\u03c1\u03b9\u03b3\u03b1\u03bd\u03b7\/","og_locale":"en_US","og_type":"article","og_title":"Griechischer Oregano - Althea Herbs De","og_description":"Es riecht wundervoll nach griechischer Erde. Ein gesegneter Ort, eine fruchtbare Heimat. H\u00e4nde die pflegen und ihre eigene Note in jedes ein Gericht das mit viel Liebe zubereitet wurde, hinzuf\u00fcgen. Wir haben per Hand nur die Bl\u00fctenspitzen und die Bl\u00e4tter gepfl\u00fcgt. Griechischer Oregano. K\u00f6nigliches Aroma von Althea. Eigenschaften Oregano ist ein aromatischer, ausdauernder, einheimischer Halbstrauch im Mittelmeer und Zentralasien. Die Unterart hirtum (heracleoticum) ist der griechische Oregano, der wild fast im ganzen Land w\u00e4chst und als der Beste in Qualit\u00e4t weltweit, wegen seines intensiven Aromas und die hohe\u00a0 Konzentration an \u00e4therischem \u00d6l und speziell in Carvacrol, welche die medizinische Hauptsubstanz von Oregano ist, anerkannt wird. Gesundheitsf\u00f6rdernde Wirkung Sein Name (oregano) stammt aus dem altgriechischem, da er von Hippokrates und Dioskouridis f\u00fcr seine therapeutischen Eigenschaften gelobt wurde. Oregano hat starke antibiotische Wirkung, sowie eine gro\u00dfe Anzahl an anderen Eigenschaften. Oregano hilft gegen Durchfall, er ist entz\u00fcndungshemmend, er hilft gegen bakteriellen Infektionen, er ist schleiml\u00f6send und er hilft bei chronischem Rheumatismus. Oregano hat \u00a012 Mal mehr oxidationshemmende Wirkung im Gegensatz zu Orangen, 30 Mal mehr im Gegensatz zu Kartoffeln und 42 Mal mehr im Gegensatz zu \u00c4pfeln. Gebrauch In der K\u00fcche ist Oregano das Hauptgew\u00fcrz der Mittelmeerl\u00e4nder und die Hauptzutat in der griechischen und italienischen K\u00fcche. Oregano kann fast in allen Gerichten und Salaten verwendet werden, um ihnen einen reichen Geschmack und Aroma zu verleihen.","og_url":"https:\/\/altheaherbs.gr\/de\/product\/\u03c1\u03b9\u03b3\u03b1\u03bd\u03b7\/","og_site_name":"Althea Herbs De","article_modified_time":"2017-10-25T15:04:25+00:00","og_image":[{"width":600,"height":600,"url":"https:\/\/altheaherbs.gr\/de\/wp-content\/uploads\/sites\/7\/2017\/01\/rigani.jpg","type":"image\/jpeg"}],"twitter_card":"summary_large_image","twitter_misc":{"Est. reading time":"1 minute"},"schema":{"@context":"https:\/\/schema.org","@graph":[{"@type":"WebPage","@id":"https:\/\/altheaherbs.gr\/de\/product\/%cf%81%ce%b9%ce%b3%ce%b1%ce%bd%ce%b7\/","url":"https:\/\/altheaherbs.gr\/de\/product\/%cf%81%ce%b9%ce%b3%ce%b1%ce%bd%ce%b7\/","name":"Griechischer Oregano - Althea Herbs De","isPartOf":{"@id":"https:\/\/altheaherbs.gr\/de\/#website"},"primaryImageOfPage":{"@id":"https:\/\/altheaherbs.gr\/de\/product\/%cf%81%ce%b9%ce%b3%ce%b1%ce%bd%ce%b7\/#primaryimage"},"image":{"@id":"https:\/\/altheaherbs.gr\/de\/product\/%cf%81%ce%b9%ce%b3%ce%b1%ce%bd%ce%b7\/#primaryimage"},"thumbnailUrl":"https:\/\/altheaherbs.gr\/de\/wp-content\/uploads\/sites\/7\/2017\/01\/rigani.jpg","datePublished":"2017-04-22T07:07:00+00:00","dateModified":"2017-10-25T15:04:25+00:00","breadcrumb":{"@id":"https:\/\/altheaherbs.gr\/de\/product\/%cf%81%ce%b9%ce%b3%ce%b1%ce%bd%ce%b7\/#breadcrumb"},"inLanguage":"en-US","potentialAction":[{"@type":"ReadAction","target":["https:\/\/altheaherbs.gr\/de\/product\/%cf%81%ce%b9%ce%b3%ce%b1%ce%bd%ce%b7\/"]}]},{"@type":"ImageObject","inLanguage":"en-US","@id":"https:\/\/altheaherbs.gr\/de\/product\/%cf%81%ce%b9%ce%b3%ce%b1%ce%bd%ce%b7\/#primaryimage","url":"https:\/\/altheaherbs.gr\/de\/wp-content\/uploads\/sites\/7\/2017\/01\/rigani.jpg","contentUrl":"https:\/\/altheaherbs.gr\/de\/wp-content\/uploads\/sites\/7\/2017\/01\/rigani.jpg","width":600,"height":600},{"@type":"BreadcrumbList","@id":"https:\/\/altheaherbs.gr\/de\/product\/%cf%81%ce%b9%ce%b3%ce%b1%ce%bd%ce%b7\/#breadcrumb","itemListElement":[{"@type":"ListItem","position":1,"name":"Home","item":"https:\/\/altheaherbs.gr\/de\/"},{"@type":"ListItem","position":2,"name":"UNSERE PRODUKTE","item":"https:\/\/altheaherbs.gr\/de\/shop\/"},{"@type":"ListItem","position":3,"name":"Griechischer Oregano"}]},{"@type":"WebSite","@id":"https:\/\/altheaherbs.gr\/de\/#website","url":"https:\/\/altheaherbs.gr\/de\/","name":"Althea Herbs De","description":"Just another WordPress site","potentialAction":[{"@type":"SearchAction","target":{"@type":"EntryPoint","urlTemplate":"https:\/\/altheaherbs.gr\/de\/?s={search_term_string}"},"query-input":{"@type":"PropertyValueSpecification","valueRequired":true,"valueName":"search_term_string"}}],"inLanguage":"en-US"}]}},"_links":{"self":[{"href":"https:\/\/altheaherbs.gr\/de\/wp-json\/wp\/v2\/product\/9102","targetHints":{"allow":["GET"]}}],"collection":[{"href":"https:\/\/altheaherbs.gr\/de\/wp-json\/wp\/v2\/product"}],"about":[{"href":"https:\/\/altheaherbs.gr\/de\/wp-json\/wp\/v2\/types\/product"}],"replies":[{"embeddable":true,"href":"https:\/\/altheaherbs.gr\/de\/wp-json\/wp\/v2\/comments?post=9102"}],"wp:featuredmedia":[{"embeddable":true,"href":"https:\/\/altheaherbs.gr\/de\/wp-json\/wp\/v2\/media\/9275"}],"wp:attachment":[{"href":"https:\/\/altheaherbs.gr\/de\/wp-json\/wp\/v2\/media?parent=9102"}],"wp:term":[{"taxonomy":"product_brand","embeddable":true,"href":"https:\/\/altheaherbs.gr\/de\/wp-json\/wp\/v2\/product_brand?post=9102"},{"taxonomy":"product_cat","embeddable":true,"href":"https:\/\/altheaherbs.gr\/de\/wp-json\/wp\/v2\/product_cat?post=9102"},{"taxonomy":"product_tag","embeddable":true,"href":"https:\/\/altheaherbs.gr\/de\/wp-json\/wp\/v2\/product_tag?post=9102"}],"curies":[{"name":"wp","href":"https:\/\/api.w.org\/{rel}","templated":true}]}}