{"id":9123,"date":"2017-01-23T08:31:58","date_gmt":"2017-01-23T08:31:58","guid":{"rendered":"http:\/\/de.altheaherbs.gr\/?page_id=9123"},"modified":"2017-10-25T14:33:48","modified_gmt":"2017-10-25T14:33:48","slug":"egkatastaseis","status":"publish","type":"page","link":"https:\/\/altheaherbs.gr\/de\/egkatastaseis\/","title":{"rendered":"UNSERE ANLAGEN"},"content":{"rendered":"<div class=\"wpb-content-wrapper\">[vc_row][vc_column width=&#8221;1\/2&#8243; css=&#8221;.vc_custom_1485160229155{margin-bottom: 0px !important;}&#8221; el_class=&#8221;section_spaces_text&#8221;][vc_custom_heading text=&#8221;BEZIRK &amp; ANLAGEN&#8221; font_container=&#8221;tag:h2|font_size:22|text_align:left|color:%232c2c2c|line_height:1&#8243; google_fonts=&#8221;font_family:Roboto%20Condensed%3A300%2C300italic%2Cregular%2Citalic%2C700%2C700italic|font_style:400%20regular%3A400%3Anormal&#8221; el_class=&#8221;title_border&#8221;][vc_column_text el_class=&#8221;custom_text_general&#8221;]Althea hat den idealen Ort entdeckt um fest seine Wurzeln zu schlagen und sich zu entwickeln. \u00a0Seine Anlagen befinden sich am Berghang von Kamvounia, in einer H\u00f6he von 750 Metern. Dieser komplexe Berg bildet eine nat\u00fcrliche Grenze zwischen West-Makedonien und Thessalien und wegen seiner reichen Tier- und Pflanzenarten, ist dieser Ort ein Schutzgebiet. Das Klima und die Zusammensetzung des Bodens sind ideal f\u00fcr diese Art von Anbau, da alle Kr\u00e4uter die wir anbauen wild wachsen. Gleichzeitig handelt es sich ausschlie\u00dflich um ein Viehzuchtgebiet, frei von intensiver landwirtschaftlicher Nutzung und Pestizide.[\/vc_column_text][vc_masonry_media_grid element_width=&#8221;6&#8243; gap=&#8221;15&#8243; item=&#8221;masonryMedia_SimpleBlurWithScale&#8221; initial_loading_animation=&#8221;none&#8221; grid_id=&#8221;vc_gid:1508941895424-1e6c89e8-93db-2&#8243; include=&#8221;9389,9378,9408,9379,9364,9344,9343,9407,9401&#8243;][\/vc_column][vc_column width=&#8221;1\/2&#8243; el_class=&#8221;section_spaces_text&#8221;][vc_custom_heading text=&#8221;ANBAU&#8221; font_container=&#8221;tag:h2|font_size:22|text_align:left|color:%232c2c2c|line_height:1&#8243; google_fonts=&#8221;font_family:Roboto%20Condensed%3A300%2C300italic%2Cregular%2Citalic%2C700%2C700italic|font_style:400%20regular%3A400%3Anormal&#8221; el_class=&#8221;title_border&#8221;][vc_column_text el_class=&#8221;custom_text_general&#8221;]Unser Anbau wird auf trockene, sonnige, geneigte und steinhaltige Felder angelegt, die von reichen Waldfl\u00e4chen umfasst sind. Das Produktionsverfahren folgt drei Basisschritte und es wird das Qualit\u00e4tssystem ISO 2200 angewendet.<\/p>\n<p>Ernte<\/p>\n<p>Die Ernte erfolgt per Hand und sie dauert mehrere Tage an, \u00a0wobei t\u00e4glich nur die \u00a0St\u00e4ngel geerntet werden, die frei von Fremdk\u00f6rpern sind und sich in der idealen Phase des Wachstums \u2013 Bl\u00fchte befinden. Indem wir ausschlie\u00dflich die besten Teile der Pflanzen sammeln, versichern wir die ausgezeichnete Qualit\u00e4t unserer Produkte.<\/p>\n<p>Trocknung<\/p>\n<p>Nach der Ernte folgt der Transport zu den Trocknungsanlagen, die sich in den Anbaugebieten befinden, damit die Transportzeit reduziert wird und die hohe Qualit\u00e4t und die Bewahrung der \u00e4therischen \u00d6le garantiert wird. Die Trocknung folgt in Speziallagern auf nat\u00fcrlicher Weise, mit nat\u00fcrlichem Luftzug und in dunkler Umgebung, damit die Qualit\u00e4tseigenschaften, das Aroma und die Farbe der Kr\u00e4uter unversehrt bleiben.<\/p>\n<p>Verarbeitung<\/p>\n<p>Nach der Trocknung folgt die Verarbeitung dem Produkt entsprechend (reiben, sieben, usw.) und danach werden die Produkte verpackt.[\/vc_column_text][\/vc_column][\/vc_row]\n<\/div>","protected":false},"excerpt":{"rendered":"<p>[vc_row][vc_column width=&#8221;1\/2&#8243; css=&#8221;.vc_custom_1485160229155{margin-bottom: 0px !important;}&#8221; el_class=&#8221;section_spaces_text&#8221;][vc_custom_heading text=&#8221;BEZIRK &amp; ANLAGEN&#8221; font_container=&#8221;tag:h2|font_size:22|text_align:left|color:%232c2c2c|line_height:1&#8243; google_fonts=&#8221;font_family:Roboto%20Condensed%3A300%2C300italic%2Cregular%2Citalic%2C700%2C700italic|font_style:400%20regular%3A400%3Anormal&#8221; el_class=&#8221;title_border&#8221;][vc_column_text el_class=&#8221;custom_text_general&#8221;]Althea hat den idealen Ort entdeckt um fest seine Wurzeln zu schlagen und sich zu entwickeln. \u00a0Seine Anlagen befinden sich am Berghang von Kamvounia, in einer H\u00f6he von 750 Metern. Dieser komplexe Berg bildet eine nat\u00fcrliche Grenze zwischen West-Makedonien und Thessalien und wegen seiner reichen Tier- und Pflanzenarten, ist dieser Ort ein Schutzgebiet. Das Klima und die Zusammensetzung des Bodens sind ideal f\u00fcr diese Art von Anbau, da alle Kr\u00e4uter die wir anbauen wild wachsen. Gleichzeitig handelt es sich ausschlie\u00dflich um ein Viehzuchtgebiet, frei von intensiver landwirtschaftlicher Nutzung und Pestizide.[\/vc_column_text][vc_masonry_media_grid element_width=&#8221;6&#8243; gap=&#8221;15&#8243; item=&#8221;masonryMedia_SimpleBlurWithScale&#8221; initial_loading_animation=&#8221;none&#8221; grid_id=&#8221;vc_gid:1508941895424-1e6c89e8-93db-2&#8243; include=&#8221;9389,9378,9408,9379,9364,9344,9343,9407,9401&#8243;][\/vc_column][vc_column width=&#8221;1\/2&#8243; el_class=&#8221;section_spaces_text&#8221;][vc_custom_heading text=&#8221;ANBAU&#8221; font_container=&#8221;tag:h2|font_size:22|text_align:left|color:%232c2c2c|line_height:1&#8243; google_fonts=&#8221;font_family:Roboto%20Condensed%3A300%2C300italic%2Cregular%2Citalic%2C700%2C700italic|font_style:400%20regular%3A400%3Anormal&#8221; el_class=&#8221;title_border&#8221;][vc_column_text el_class=&#8221;custom_text_general&#8221;]Unser Anbau wird auf trockene, sonnige, geneigte und steinhaltige Felder angelegt, die von reichen Waldfl\u00e4chen umfasst sind. Das Produktionsverfahren folgt drei Basisschritte und es wird das Qualit\u00e4tssystem ISO 2200 angewendet. Ernte Die Ernte erfolgt per Hand und sie dauert mehrere Tage an, \u00a0wobei t\u00e4glich nur die \u00a0St\u00e4ngel geerntet werden, die frei von Fremdk\u00f6rpern sind und sich in der idealen Phase des Wachstums \u2013 Bl\u00fchte befinden. Indem wir ausschlie\u00dflich die besten Teile der Pflanzen sammeln, versichern wir die ausgezeichnete Qualit\u00e4t unserer Produkte. Trocknung Nach der Ernte folgt der Transport zu den Trocknungsanlagen, die sich in den Anbaugebieten befinden, damit die Transportzeit reduziert wird und die hohe Qualit\u00e4t und die Bewahrung der \u00e4therischen \u00d6le garantiert wird. Die Trocknung folgt in Speziallagern auf nat\u00fcrlicher Weise, mit nat\u00fcrlichem Luftzug und in dunkler Umgebung, damit die Qualit\u00e4tseigenschaften, das Aroma und die Farbe der Kr\u00e4uter unversehrt bleiben. Verarbeitung Nach der Trocknung folgt die Verarbeitung dem Produkt entsprechend (reiben, sieben, usw.) und danach werden die Produkte verpackt.[\/vc_column_text][\/vc_column][\/vc_row]<\/p>\n","protected":false},"author":1,"featured_media":9230,"parent":0,"menu_order":0,"comment_status":"closed","ping_status":"closed","template":"","meta":{"_acf_changed":false,"footnotes":""},"class_list":["post-9123","page","type-page","status-publish","has-post-thumbnail","hentry"],"acf":[],"yoast_head":"<!-- This site is optimized with the Yoast SEO plugin v26.9 - https:\/\/yoast.com\/product\/yoast-seo-wordpress\/ -->\n<title>UNSERE ANLAGEN - Althea Herbs De<\/title>\n<meta name=\"description\" content=\"\u0397 \u0391\u03bb\u03b8\u03b1\u03af\u03b1 \u03b1\u03bd\u03b1\u03ba\u03ac\u03bb\u03c5\u03c8\u03b5 \u03c4\u03bf\u03bd \u03b9\u03b4\u03b1\u03bd\u03b9\u03ba\u03cc \u03c4\u03cc\u03c0\u03bf \u03b3\u03b9\u03b1 \u03bd\u03b1 \u03c1\u03b9\u03b6\u03ce\u03c3\u03b5\u03b9 \u03ba\u03b1\u03b9 \u03bd\u03b1 \u03b1\u03bd\u03b1\u03c0\u03c4\u03c5\u03c7\u03b8\u03b5\u03af. \u039f\u03b9 \u03b5\u03b3\u03ba\u03b1\u03c4\u03b1\u03c3\u03c4\u03ac\u03c3\u03b5\u03b9\u03c2 \u03c4\u03b7\u03c2 \u03b2\u03c1\u03af\u03c3\u03ba\u03bf\u03bd\u03c4\u03b1\u03b9 \u03c3\u03c4\u03b9\u03c2 \u03c0\u03bb\u03b1\u03b3\u03b9\u03ad\u03c2 \u03c4\u03c9\u03bd \u039a\u03b1\u03bc\u03b2\u03bf\u03c5\u03bd\u03af\u03c9\u03bd \u03bf\u03c1\u03ce\u03bd, \u03c3\u03b5 \u03c5\u03c8\u03cc\u03bc\u03b5\u03c4\u03c1\u03bf 750 \u03bc.\" \/>\n<meta name=\"robots\" content=\"index, follow, max-snippet:-1, max-image-preview:large, max-video-preview:-1\" \/>\n<link rel=\"canonical\" href=\"https:\/\/altheaherbs.gr\/de\/egkatastaseis\/\" \/>\n<meta property=\"og:locale\" content=\"en_US\" \/>\n<meta property=\"og:type\" content=\"article\" \/>\n<meta property=\"og:title\" content=\"\u039f\u0399 \u0395\u0393\u039a\u0391\u03a4\u0391\u03a3\u03a4\u0391\u03a3\u0395\u0399\u03a3 \u039c\u0391\u03a3 - Althea Herbs\" \/>\n<meta property=\"og:description\" content=\"\u0397 \u0391\u03bb\u03b8\u03b1\u03af\u03b1 \u03b1\u03bd\u03b1\u03ba\u03ac\u03bb\u03c5\u03c8\u03b5 \u03c4\u03bf\u03bd \u03b9\u03b4\u03b1\u03bd\u03b9\u03ba\u03cc \u03c4\u03cc\u03c0\u03bf \u03b3\u03b9\u03b1 \u03bd\u03b1 \u03c1\u03b9\u03b6\u03ce\u03c3\u03b5\u03b9 \u03ba\u03b1\u03b9 \u03bd\u03b1 \u03b1\u03bd\u03b1\u03c0\u03c4\u03c5\u03c7\u03b8\u03b5\u03af. \u039f\u03b9 \u03b5\u03b3\u03ba\u03b1\u03c4\u03b1\u03c3\u03c4\u03ac\u03c3\u03b5\u03b9\u03c2 \u03c4\u03b7\u03c2 \u03b2\u03c1\u03af\u03c3\u03ba\u03bf\u03bd\u03c4\u03b1\u03b9 \u03c3\u03c4\u03b9\u03c2 \u03c0\u03bb\u03b1\u03b3\u03b9\u03ad\u03c2 \u03c4\u03c9\u03bd \u039a\u03b1\u03bc\u03b2\u03bf\u03c5\u03bd\u03af\u03c9\u03bd \u03bf\u03c1\u03ce\u03bd, \u03c3\u03b5 \u03c5\u03c8\u03cc\u03bc\u03b5\u03c4\u03c1\u03bf 750 \u03bc.\" \/>\n<meta property=\"og:url\" content=\"https:\/\/altheaherbs.gr\/de\/egkatastaseis\/\" \/>\n<meta property=\"og:site_name\" content=\"Althea Herbs De\" \/>\n<meta property=\"article:modified_time\" content=\"2017-10-25T14:33:48+00:00\" \/>\n<meta property=\"og:image\" content=\"https:\/\/altheaherbs.gr\/de\/wp-content\/uploads\/sites\/7\/2017\/01\/egkatastaseis-foto-slider.jpg\" \/>\n\t<meta property=\"og:image:width\" content=\"1698\" \/>\n\t<meta property=\"og:image:height\" content=\"426\" \/>\n\t<meta property=\"og:image:type\" content=\"image\/jpeg\" \/>\n<meta name=\"twitter:card\" content=\"summary_large_image\" \/>\n<meta name=\"twitter:label1\" content=\"Est. reading time\" \/>\n\t<meta name=\"twitter:data1\" content=\"2 minutes\" \/>\n<script type=\"application\/ld+json\" class=\"yoast-schema-graph\">{\"@context\":\"https:\/\/schema.org\",\"@graph\":[{\"@type\":\"WebPage\",\"@id\":\"https:\/\/altheaherbs.gr\/de\/egkatastaseis\/\",\"url\":\"https:\/\/altheaherbs.gr\/de\/egkatastaseis\/\",\"name\":\"UNSERE ANLAGEN - Althea Herbs De\",\"isPartOf\":{\"@id\":\"https:\/\/altheaherbs.gr\/de\/#website\"},\"primaryImageOfPage\":{\"@id\":\"https:\/\/altheaherbs.gr\/de\/egkatastaseis\/#primaryimage\"},\"image\":{\"@id\":\"https:\/\/altheaherbs.gr\/de\/egkatastaseis\/#primaryimage\"},\"thumbnailUrl\":\"https:\/\/altheaherbs.gr\/de\/wp-content\/uploads\/sites\/7\/2017\/01\/egkatastaseis-foto-slider.jpg\",\"datePublished\":\"2017-01-23T08:31:58+00:00\",\"dateModified\":\"2017-10-25T14:33:48+00:00\",\"description\":\"\u0397 \u0391\u03bb\u03b8\u03b1\u03af\u03b1 \u03b1\u03bd\u03b1\u03ba\u03ac\u03bb\u03c5\u03c8\u03b5 \u03c4\u03bf\u03bd \u03b9\u03b4\u03b1\u03bd\u03b9\u03ba\u03cc \u03c4\u03cc\u03c0\u03bf \u03b3\u03b9\u03b1 \u03bd\u03b1 \u03c1\u03b9\u03b6\u03ce\u03c3\u03b5\u03b9 \u03ba\u03b1\u03b9 \u03bd\u03b1 \u03b1\u03bd\u03b1\u03c0\u03c4\u03c5\u03c7\u03b8\u03b5\u03af. \u039f\u03b9 \u03b5\u03b3\u03ba\u03b1\u03c4\u03b1\u03c3\u03c4\u03ac\u03c3\u03b5\u03b9\u03c2 \u03c4\u03b7\u03c2 \u03b2\u03c1\u03af\u03c3\u03ba\u03bf\u03bd\u03c4\u03b1\u03b9 \u03c3\u03c4\u03b9\u03c2 \u03c0\u03bb\u03b1\u03b3\u03b9\u03ad\u03c2 \u03c4\u03c9\u03bd \u039a\u03b1\u03bc\u03b2\u03bf\u03c5\u03bd\u03af\u03c9\u03bd \u03bf\u03c1\u03ce\u03bd, \u03c3\u03b5 \u03c5\u03c8\u03cc\u03bc\u03b5\u03c4\u03c1\u03bf 750 \u03bc.\",\"breadcrumb\":{\"@id\":\"https:\/\/altheaherbs.gr\/de\/egkatastaseis\/#breadcrumb\"},\"inLanguage\":\"en-US\",\"potentialAction\":[{\"@type\":\"ReadAction\",\"target\":[\"https:\/\/altheaherbs.gr\/de\/egkatastaseis\/\"]}]},{\"@type\":\"ImageObject\",\"inLanguage\":\"en-US\",\"@id\":\"https:\/\/altheaherbs.gr\/de\/egkatastaseis\/#primaryimage\",\"url\":\"https:\/\/altheaherbs.gr\/de\/wp-content\/uploads\/sites\/7\/2017\/01\/egkatastaseis-foto-slider.jpg\",\"contentUrl\":\"https:\/\/altheaherbs.gr\/de\/wp-content\/uploads\/sites\/7\/2017\/01\/egkatastaseis-foto-slider.jpg\",\"width\":1698,\"height\":426},{\"@type\":\"BreadcrumbList\",\"@id\":\"https:\/\/altheaherbs.gr\/de\/egkatastaseis\/#breadcrumb\",\"itemListElement\":[{\"@type\":\"ListItem\",\"position\":1,\"name\":\"Home\",\"item\":\"https:\/\/altheaherbs.gr\/de\/\"},{\"@type\":\"ListItem\",\"position\":2,\"name\":\"UNSERE ANLAGEN\"}]},{\"@type\":\"WebSite\",\"@id\":\"https:\/\/altheaherbs.gr\/de\/#website\",\"url\":\"https:\/\/altheaherbs.gr\/de\/\",\"name\":\"Althea Herbs De\",\"description\":\"Just another WordPress site\",\"potentialAction\":[{\"@type\":\"SearchAction\",\"target\":{\"@type\":\"EntryPoint\",\"urlTemplate\":\"https:\/\/altheaherbs.gr\/de\/?s={search_term_string}\"},\"query-input\":{\"@type\":\"PropertyValueSpecification\",\"valueRequired\":true,\"valueName\":\"search_term_string\"}}],\"inLanguage\":\"en-US\"}]}<\/script>\n<!-- \/ Yoast SEO plugin. -->","yoast_head_json":{"title":"UNSERE ANLAGEN - Althea Herbs De","description":"\u0397 \u0391\u03bb\u03b8\u03b1\u03af\u03b1 \u03b1\u03bd\u03b1\u03ba\u03ac\u03bb\u03c5\u03c8\u03b5 \u03c4\u03bf\u03bd \u03b9\u03b4\u03b1\u03bd\u03b9\u03ba\u03cc \u03c4\u03cc\u03c0\u03bf \u03b3\u03b9\u03b1 \u03bd\u03b1 \u03c1\u03b9\u03b6\u03ce\u03c3\u03b5\u03b9 \u03ba\u03b1\u03b9 \u03bd\u03b1 \u03b1\u03bd\u03b1\u03c0\u03c4\u03c5\u03c7\u03b8\u03b5\u03af. \u039f\u03b9 \u03b5\u03b3\u03ba\u03b1\u03c4\u03b1\u03c3\u03c4\u03ac\u03c3\u03b5\u03b9\u03c2 \u03c4\u03b7\u03c2 \u03b2\u03c1\u03af\u03c3\u03ba\u03bf\u03bd\u03c4\u03b1\u03b9 \u03c3\u03c4\u03b9\u03c2 \u03c0\u03bb\u03b1\u03b3\u03b9\u03ad\u03c2 \u03c4\u03c9\u03bd \u039a\u03b1\u03bc\u03b2\u03bf\u03c5\u03bd\u03af\u03c9\u03bd \u03bf\u03c1\u03ce\u03bd, \u03c3\u03b5 \u03c5\u03c8\u03cc\u03bc\u03b5\u03c4\u03c1\u03bf 750 \u03bc.","robots":{"index":"index","follow":"follow","max-snippet":"max-snippet:-1","max-image-preview":"max-image-preview:large","max-video-preview":"max-video-preview:-1"},"canonical":"https:\/\/altheaherbs.gr\/de\/egkatastaseis\/","og_locale":"en_US","og_type":"article","og_title":"\u039f\u0399 \u0395\u0393\u039a\u0391\u03a4\u0391\u03a3\u03a4\u0391\u03a3\u0395\u0399\u03a3 \u039c\u0391\u03a3 - Althea Herbs","og_description":"\u0397 \u0391\u03bb\u03b8\u03b1\u03af\u03b1 \u03b1\u03bd\u03b1\u03ba\u03ac\u03bb\u03c5\u03c8\u03b5 \u03c4\u03bf\u03bd \u03b9\u03b4\u03b1\u03bd\u03b9\u03ba\u03cc \u03c4\u03cc\u03c0\u03bf \u03b3\u03b9\u03b1 \u03bd\u03b1 \u03c1\u03b9\u03b6\u03ce\u03c3\u03b5\u03b9 \u03ba\u03b1\u03b9 \u03bd\u03b1 \u03b1\u03bd\u03b1\u03c0\u03c4\u03c5\u03c7\u03b8\u03b5\u03af. \u039f\u03b9 \u03b5\u03b3\u03ba\u03b1\u03c4\u03b1\u03c3\u03c4\u03ac\u03c3\u03b5\u03b9\u03c2 \u03c4\u03b7\u03c2 \u03b2\u03c1\u03af\u03c3\u03ba\u03bf\u03bd\u03c4\u03b1\u03b9 \u03c3\u03c4\u03b9\u03c2 \u03c0\u03bb\u03b1\u03b3\u03b9\u03ad\u03c2 \u03c4\u03c9\u03bd \u039a\u03b1\u03bc\u03b2\u03bf\u03c5\u03bd\u03af\u03c9\u03bd \u03bf\u03c1\u03ce\u03bd, \u03c3\u03b5 \u03c5\u03c8\u03cc\u03bc\u03b5\u03c4\u03c1\u03bf 750 \u03bc.","og_url":"https:\/\/altheaherbs.gr\/de\/egkatastaseis\/","og_site_name":"Althea Herbs De","article_modified_time":"2017-10-25T14:33:48+00:00","og_image":[{"width":1698,"height":426,"url":"https:\/\/altheaherbs.gr\/de\/wp-content\/uploads\/sites\/7\/2017\/01\/egkatastaseis-foto-slider.jpg","type":"image\/jpeg"}],"twitter_card":"summary_large_image","twitter_misc":{"Est. reading time":"2 minutes"},"schema":{"@context":"https:\/\/schema.org","@graph":[{"@type":"WebPage","@id":"https:\/\/altheaherbs.gr\/de\/egkatastaseis\/","url":"https:\/\/altheaherbs.gr\/de\/egkatastaseis\/","name":"UNSERE ANLAGEN - Althea Herbs De","isPartOf":{"@id":"https:\/\/altheaherbs.gr\/de\/#website"},"primaryImageOfPage":{"@id":"https:\/\/altheaherbs.gr\/de\/egkatastaseis\/#primaryimage"},"image":{"@id":"https:\/\/altheaherbs.gr\/de\/egkatastaseis\/#primaryimage"},"thumbnailUrl":"https:\/\/altheaherbs.gr\/de\/wp-content\/uploads\/sites\/7\/2017\/01\/egkatastaseis-foto-slider.jpg","datePublished":"2017-01-23T08:31:58+00:00","dateModified":"2017-10-25T14:33:48+00:00","description":"\u0397 \u0391\u03bb\u03b8\u03b1\u03af\u03b1 \u03b1\u03bd\u03b1\u03ba\u03ac\u03bb\u03c5\u03c8\u03b5 \u03c4\u03bf\u03bd \u03b9\u03b4\u03b1\u03bd\u03b9\u03ba\u03cc \u03c4\u03cc\u03c0\u03bf \u03b3\u03b9\u03b1 \u03bd\u03b1 \u03c1\u03b9\u03b6\u03ce\u03c3\u03b5\u03b9 \u03ba\u03b1\u03b9 \u03bd\u03b1 \u03b1\u03bd\u03b1\u03c0\u03c4\u03c5\u03c7\u03b8\u03b5\u03af. \u039f\u03b9 \u03b5\u03b3\u03ba\u03b1\u03c4\u03b1\u03c3\u03c4\u03ac\u03c3\u03b5\u03b9\u03c2 \u03c4\u03b7\u03c2 \u03b2\u03c1\u03af\u03c3\u03ba\u03bf\u03bd\u03c4\u03b1\u03b9 \u03c3\u03c4\u03b9\u03c2 \u03c0\u03bb\u03b1\u03b3\u03b9\u03ad\u03c2 \u03c4\u03c9\u03bd \u039a\u03b1\u03bc\u03b2\u03bf\u03c5\u03bd\u03af\u03c9\u03bd \u03bf\u03c1\u03ce\u03bd, \u03c3\u03b5 \u03c5\u03c8\u03cc\u03bc\u03b5\u03c4\u03c1\u03bf 750 \u03bc.","breadcrumb":{"@id":"https:\/\/altheaherbs.gr\/de\/egkatastaseis\/#breadcrumb"},"inLanguage":"en-US","potentialAction":[{"@type":"ReadAction","target":["https:\/\/altheaherbs.gr\/de\/egkatastaseis\/"]}]},{"@type":"ImageObject","inLanguage":"en-US","@id":"https:\/\/altheaherbs.gr\/de\/egkatastaseis\/#primaryimage","url":"https:\/\/altheaherbs.gr\/de\/wp-content\/uploads\/sites\/7\/2017\/01\/egkatastaseis-foto-slider.jpg","contentUrl":"https:\/\/altheaherbs.gr\/de\/wp-content\/uploads\/sites\/7\/2017\/01\/egkatastaseis-foto-slider.jpg","width":1698,"height":426},{"@type":"BreadcrumbList","@id":"https:\/\/altheaherbs.gr\/de\/egkatastaseis\/#breadcrumb","itemListElement":[{"@type":"ListItem","position":1,"name":"Home","item":"https:\/\/altheaherbs.gr\/de\/"},{"@type":"ListItem","position":2,"name":"UNSERE ANLAGEN"}]},{"@type":"WebSite","@id":"https:\/\/altheaherbs.gr\/de\/#website","url":"https:\/\/altheaherbs.gr\/de\/","name":"Althea Herbs De","description":"Just another WordPress site","potentialAction":[{"@type":"SearchAction","target":{"@type":"EntryPoint","urlTemplate":"https:\/\/altheaherbs.gr\/de\/?s={search_term_string}"},"query-input":{"@type":"PropertyValueSpecification","valueRequired":true,"valueName":"search_term_string"}}],"inLanguage":"en-US"}]}},"_links":{"self":[{"href":"https:\/\/altheaherbs.gr\/de\/wp-json\/wp\/v2\/pages\/9123","targetHints":{"allow":["GET"]}}],"collection":[{"href":"https:\/\/altheaherbs.gr\/de\/wp-json\/wp\/v2\/pages"}],"about":[{"href":"https:\/\/altheaherbs.gr\/de\/wp-json\/wp\/v2\/types\/page"}],"author":[{"embeddable":true,"href":"https:\/\/altheaherbs.gr\/de\/wp-json\/wp\/v2\/users\/1"}],"replies":[{"embeddable":true,"href":"https:\/\/altheaherbs.gr\/de\/wp-json\/wp\/v2\/comments?post=9123"}],"version-history":[{"count":22,"href":"https:\/\/altheaherbs.gr\/de\/wp-json\/wp\/v2\/pages\/9123\/revisions"}],"predecessor-version":[{"id":9419,"href":"https:\/\/altheaherbs.gr\/de\/wp-json\/wp\/v2\/pages\/9123\/revisions\/9419"}],"wp:featuredmedia":[{"embeddable":true,"href":"https:\/\/altheaherbs.gr\/de\/wp-json\/wp\/v2\/media\/9230"}],"wp:attachment":[{"href":"https:\/\/altheaherbs.gr\/de\/wp-json\/wp\/v2\/media?parent=9123"}],"curies":[{"name":"wp","href":"https:\/\/api.w.org\/{rel}","templated":true}]}}