{"id":9104,"date":"2017-01-23T07:11:21","date_gmt":"2017-01-23T07:11:21","guid":{"rendered":"http:\/\/de.altheaherbs.gr\/?page_id=9104"},"modified":"2017-10-25T14:25:13","modified_gmt":"2017-10-25T14:25:13","slug":"philosophy","status":"publish","type":"page","link":"https:\/\/altheaherbs.gr\/de\/philosophy\/","title":{"rendered":"ALTHEA"},"content":{"rendered":"<div class=\"wpb-content-wrapper\">[vc_row][vc_column width=&#8221;1\/2&#8243; css=&#8221;.vc_custom_1485160229155{margin-bottom: 0px !important;}&#8221; el_class=&#8221;section_spaces_text&#8221;][vc_custom_heading text=&#8221;ALTHEA&#8221; font_container=&#8221;tag:h2|font_size:22|text_align:left|color:%232c2c2c|line_height:1&#8243; google_fonts=&#8221;font_family:Roboto%20Condensed%3A300%2C300italic%2Cregular%2Citalic%2C700%2C700italic|font_style:400%20regular%3A400%3Anormal&#8221; el_class=&#8221;title_border&#8221;][vc_column_text el_class=&#8221;custom_text_general&#8221;]Die Idee von Althea ist aufgrund der grandi\u00f6sen Natur entstanden.\u00a0 Es handelt sich um ein frisches, vielversprechendes Unternehmen, das biologische und medizinische Pflanzen, sowie Kr\u00e4uter produziert und verarbeitet. Daw Unternehmen hat seine Wurzeln im malerischen Bergdorf Polyrracho, der Pr\u00e4fektur von Kozani, in den Bergen Kamvounia. In diesem Ort haben wir fruchtbaren Boden gefunden, um ein Unternehmen zu gr\u00fcnden, dass als Vision hatte, Produkte h\u00f6chster Qualit\u00e4t und ausgezeichneter medizinischer Wichtigkeit, sowie N\u00e4hrwerte, in Einklang mit der Natur, die Umwelt und das Leben zu produzieren.[\/vc_column_text][\/vc_column][vc_column width=&#8221;1\/2&#8243; el_class=&#8221;section_spaces_text&#8221;][vc_custom_heading text=&#8221;UNSERE PHILOSPPHIE&#8221; font_container=&#8221;tag:h2|font_size:22|text_align:left|color:%232c2c2c|line_height:1&#8243; google_fonts=&#8221;font_family:Roboto%20Condensed%3A300%2C300italic%2Cregular%2Citalic%2C700%2C700italic|font_style:400%20regular%3A400%3Anormal&#8221; el_class=&#8221;title_border&#8221;][vc_column_text el_class=&#8221;custom_text_general&#8221;]Althea \u2013 vom altgriechischen Wort \u201ealtho\u201c <em>(<\/em><em>\u03ac\u03bb\u03b8\u03c9<\/em><em>)<\/em> das \u201eheilen\u201c bedeutet- pflegt seine eigene Philosophie. Die Philosophie der Natur selbst. Es beruht auf den Prinzipien des nat\u00fcrlichen \u00a0Anbaus und produziert nur wildwachsende Sorten in diesem Ort, ohne jegliche andere Mittel zu benutzen. Unsere \u00a0Intervention im Anbau begrenzt sich nur auf dem Erforderlichem und alle Arbeiten werden traditionell per Hand verwirklicht, wobei die pflanzlichen R\u00fcckst\u00e4nde die durch die Verarbeitung entstehen (St\u00e4ngel, Zweige) in Kompost umgewandelt werden und zum Anbau zur\u00fcckehren. Unser ganzer Anbau ist biologisch zertifiziert worden und alle Pflanzen stammen aus zertifiziertem biologischem Material von einem zertifizierten Pflanzenzuchtbetrieb.<\/p>\n<p>Das ist unser Ort, das ist unsere Weise.[\/vc_column_text][\/vc_column][\/vc_row]\n<\/div>","protected":false},"excerpt":{"rendered":"<p>[vc_row][vc_column width=&#8221;1\/2&#8243; css=&#8221;.vc_custom_1485160229155{margin-bottom: 0px !important;}&#8221; el_class=&#8221;section_spaces_text&#8221;][vc_custom_heading text=&#8221;ALTHEA&#8221; font_container=&#8221;tag:h2|font_size:22|text_align:left|color:%232c2c2c|line_height:1&#8243; google_fonts=&#8221;font_family:Roboto%20Condensed%3A300%2C300italic%2Cregular%2Citalic%2C700%2C700italic|font_style:400%20regular%3A400%3Anormal&#8221; el_class=&#8221;title_border&#8221;][vc_column_text el_class=&#8221;custom_text_general&#8221;]Die Idee von Althea ist aufgrund der grandi\u00f6sen Natur entstanden.\u00a0 Es handelt sich um ein frisches, vielversprechendes Unternehmen, das biologische und medizinische Pflanzen, sowie Kr\u00e4uter produziert und verarbeitet. Daw Unternehmen hat seine Wurzeln im malerischen Bergdorf Polyrracho, der Pr\u00e4fektur von Kozani, in den Bergen Kamvounia. In diesem Ort haben wir fruchtbaren Boden gefunden, um ein Unternehmen zu gr\u00fcnden, dass als Vision hatte, Produkte h\u00f6chster Qualit\u00e4t und ausgezeichneter medizinischer Wichtigkeit, sowie N\u00e4hrwerte, in Einklang mit der Natur, die Umwelt und das Leben zu produzieren.[\/vc_column_text][\/vc_column][vc_column width=&#8221;1\/2&#8243; el_class=&#8221;section_spaces_text&#8221;][vc_custom_heading text=&#8221;UNSERE PHILOSPPHIE&#8221; font_container=&#8221;tag:h2|font_size:22|text_align:left|color:%232c2c2c|line_height:1&#8243; google_fonts=&#8221;font_family:Roboto%20Condensed%3A300%2C300italic%2Cregular%2Citalic%2C700%2C700italic|font_style:400%20regular%3A400%3Anormal&#8221; el_class=&#8221;title_border&#8221;][vc_column_text el_class=&#8221;custom_text_general&#8221;]Althea \u2013 vom altgriechischen Wort \u201ealtho\u201c (\u03ac\u03bb\u03b8\u03c9) das \u201eheilen\u201c bedeutet- pflegt seine eigene Philosophie. Die Philosophie der Natur selbst. Es beruht auf den Prinzipien des nat\u00fcrlichen \u00a0Anbaus und produziert nur wildwachsende Sorten in diesem Ort, ohne jegliche andere Mittel zu benutzen. Unsere \u00a0Intervention im Anbau begrenzt sich nur auf dem Erforderlichem und alle Arbeiten werden traditionell per Hand verwirklicht, wobei die pflanzlichen R\u00fcckst\u00e4nde die durch die Verarbeitung entstehen (St\u00e4ngel, Zweige) in Kompost umgewandelt werden und zum Anbau zur\u00fcckehren. Unser ganzer Anbau ist biologisch zertifiziert worden und alle Pflanzen stammen aus zertifiziertem biologischem Material von einem zertifizierten Pflanzenzuchtbetrieb. Das ist unser Ort, das ist unsere Weise.[\/vc_column_text][\/vc_column][\/vc_row]<\/p>\n","protected":false},"author":1,"featured_media":9228,"parent":0,"menu_order":0,"comment_status":"closed","ping_status":"closed","template":"","meta":{"_acf_changed":false,"footnotes":""},"class_list":["post-9104","page","type-page","status-publish","has-post-thumbnail","hentry"],"acf":[],"yoast_head":"<!-- This site is optimized with the Yoast SEO plugin v26.9 - https:\/\/yoast.com\/product\/yoast-seo-wordpress\/ -->\n<title>ALTHEA - Althea Herbs De<\/title>\n<meta name=\"description\" content=\"\u0397 \u0391\u03bb\u03b8\u03b1\u03af\u03b1 - \u03b1\u03c0\u03cc \u03c4\u03b7\u03bd \u03b1\u03c1\u03c7\u03b1\u03af\u03b1 \u03b5\u03bb\u03bb\u03b7\u03bd\u03b9\u03ba\u03ae \u03bb\u03ad\u03be\u03b7 \u03ac\u03bb\u03b8\u03c9 \u03c0\u03bf\u03c5 \u03c3\u03b7\u03bc\u03b1\u03af\u03bd\u03b5\u03b9 \u00ab\u03b8\u03b5\u03c1\u03b1\u03c0\u03b5\u03cd\u03c9\u00bb - \u03ba\u03b1\u03bb\u03bb\u03b9\u03b5\u03c1\u03b3\u03b5\u03af \u03c4\u03b7 \u03b4\u03b9\u03ba\u03ae \u03c4\u03b7\u03c2 \u03c6\u03b9\u03bb\u03bf\u03c3\u03bf\u03c6\u03af\u03b1.\" \/>\n<meta name=\"robots\" content=\"index, follow, max-snippet:-1, max-image-preview:large, max-video-preview:-1\" \/>\n<link rel=\"canonical\" href=\"https:\/\/altheaherbs.gr\/de\/philosophy\/\" \/>\n<meta property=\"og:locale\" content=\"en_US\" \/>\n<meta property=\"og:type\" content=\"article\" \/>\n<meta property=\"og:title\" content=\"\u0391\u039b\u0398\u0391\u0399\u0391 - Althea Herbs\" \/>\n<meta property=\"og:description\" content=\"\u0397 \u0391\u03bb\u03b8\u03b1\u03af\u03b1 - \u03b1\u03c0\u03cc \u03c4\u03b7\u03bd \u03b1\u03c1\u03c7\u03b1\u03af\u03b1 \u03b5\u03bb\u03bb\u03b7\u03bd\u03b9\u03ba\u03ae \u03bb\u03ad\u03be\u03b7 \u03ac\u03bb\u03b8\u03c9 \u03c0\u03bf\u03c5 \u03c3\u03b7\u03bc\u03b1\u03af\u03bd\u03b5\u03b9 \u00ab\u03b8\u03b5\u03c1\u03b1\u03c0\u03b5\u03cd\u03c9\u00bb - \u03ba\u03b1\u03bb\u03bb\u03b9\u03b5\u03c1\u03b3\u03b5\u03af \u03c4\u03b7 \u03b4\u03b9\u03ba\u03ae \u03c4\u03b7\u03c2 \u03c6\u03b9\u03bb\u03bf\u03c3\u03bf\u03c6\u03af\u03b1.\" \/>\n<meta property=\"og:url\" content=\"https:\/\/altheaherbs.gr\/de\/philosophy\/\" \/>\n<meta property=\"og:site_name\" content=\"Althea Herbs De\" \/>\n<meta property=\"article:modified_time\" content=\"2017-10-25T14:25:13+00:00\" \/>\n<meta property=\"og:image\" content=\"https:\/\/altheaherbs.gr\/de\/wp-content\/uploads\/sites\/7\/2017\/01\/filosofia-herobanner.jpg\" \/>\n\t<meta property=\"og:image:width\" content=\"1698\" \/>\n\t<meta property=\"og:image:height\" content=\"426\" \/>\n\t<meta property=\"og:image:type\" content=\"image\/jpeg\" \/>\n<meta name=\"twitter:card\" content=\"summary_large_image\" \/>\n<meta name=\"twitter:label1\" content=\"Est. reading time\" \/>\n\t<meta name=\"twitter:data1\" content=\"2 minutes\" \/>\n<script type=\"application\/ld+json\" class=\"yoast-schema-graph\">{\"@context\":\"https:\/\/schema.org\",\"@graph\":[{\"@type\":\"WebPage\",\"@id\":\"https:\/\/altheaherbs.gr\/de\/philosophy\/\",\"url\":\"https:\/\/altheaherbs.gr\/de\/philosophy\/\",\"name\":\"ALTHEA - Althea Herbs De\",\"isPartOf\":{\"@id\":\"https:\/\/altheaherbs.gr\/de\/#website\"},\"primaryImageOfPage\":{\"@id\":\"https:\/\/altheaherbs.gr\/de\/philosophy\/#primaryimage\"},\"image\":{\"@id\":\"https:\/\/altheaherbs.gr\/de\/philosophy\/#primaryimage\"},\"thumbnailUrl\":\"https:\/\/altheaherbs.gr\/de\/wp-content\/uploads\/sites\/7\/2017\/01\/filosofia-herobanner.jpg\",\"datePublished\":\"2017-01-23T07:11:21+00:00\",\"dateModified\":\"2017-10-25T14:25:13+00:00\",\"description\":\"\u0397 \u0391\u03bb\u03b8\u03b1\u03af\u03b1 - \u03b1\u03c0\u03cc \u03c4\u03b7\u03bd \u03b1\u03c1\u03c7\u03b1\u03af\u03b1 \u03b5\u03bb\u03bb\u03b7\u03bd\u03b9\u03ba\u03ae \u03bb\u03ad\u03be\u03b7 \u03ac\u03bb\u03b8\u03c9 \u03c0\u03bf\u03c5 \u03c3\u03b7\u03bc\u03b1\u03af\u03bd\u03b5\u03b9 \u00ab\u03b8\u03b5\u03c1\u03b1\u03c0\u03b5\u03cd\u03c9\u00bb - \u03ba\u03b1\u03bb\u03bb\u03b9\u03b5\u03c1\u03b3\u03b5\u03af \u03c4\u03b7 \u03b4\u03b9\u03ba\u03ae \u03c4\u03b7\u03c2 \u03c6\u03b9\u03bb\u03bf\u03c3\u03bf\u03c6\u03af\u03b1.\",\"breadcrumb\":{\"@id\":\"https:\/\/altheaherbs.gr\/de\/philosophy\/#breadcrumb\"},\"inLanguage\":\"en-US\",\"potentialAction\":[{\"@type\":\"ReadAction\",\"target\":[\"https:\/\/altheaherbs.gr\/de\/philosophy\/\"]}]},{\"@type\":\"ImageObject\",\"inLanguage\":\"en-US\",\"@id\":\"https:\/\/altheaherbs.gr\/de\/philosophy\/#primaryimage\",\"url\":\"https:\/\/altheaherbs.gr\/de\/wp-content\/uploads\/sites\/7\/2017\/01\/filosofia-herobanner.jpg\",\"contentUrl\":\"https:\/\/altheaherbs.gr\/de\/wp-content\/uploads\/sites\/7\/2017\/01\/filosofia-herobanner.jpg\",\"width\":1698,\"height\":426},{\"@type\":\"BreadcrumbList\",\"@id\":\"https:\/\/altheaherbs.gr\/de\/philosophy\/#breadcrumb\",\"itemListElement\":[{\"@type\":\"ListItem\",\"position\":1,\"name\":\"Home\",\"item\":\"https:\/\/altheaherbs.gr\/de\/\"},{\"@type\":\"ListItem\",\"position\":2,\"name\":\"ALTHEA\"}]},{\"@type\":\"WebSite\",\"@id\":\"https:\/\/altheaherbs.gr\/de\/#website\",\"url\":\"https:\/\/altheaherbs.gr\/de\/\",\"name\":\"Althea Herbs De\",\"description\":\"Just another WordPress site\",\"potentialAction\":[{\"@type\":\"SearchAction\",\"target\":{\"@type\":\"EntryPoint\",\"urlTemplate\":\"https:\/\/altheaherbs.gr\/de\/?s={search_term_string}\"},\"query-input\":{\"@type\":\"PropertyValueSpecification\",\"valueRequired\":true,\"valueName\":\"search_term_string\"}}],\"inLanguage\":\"en-US\"}]}<\/script>\n<!-- \/ Yoast SEO plugin. -->","yoast_head_json":{"title":"ALTHEA - Althea Herbs De","description":"\u0397 \u0391\u03bb\u03b8\u03b1\u03af\u03b1 - \u03b1\u03c0\u03cc \u03c4\u03b7\u03bd \u03b1\u03c1\u03c7\u03b1\u03af\u03b1 \u03b5\u03bb\u03bb\u03b7\u03bd\u03b9\u03ba\u03ae \u03bb\u03ad\u03be\u03b7 \u03ac\u03bb\u03b8\u03c9 \u03c0\u03bf\u03c5 \u03c3\u03b7\u03bc\u03b1\u03af\u03bd\u03b5\u03b9 \u00ab\u03b8\u03b5\u03c1\u03b1\u03c0\u03b5\u03cd\u03c9\u00bb - \u03ba\u03b1\u03bb\u03bb\u03b9\u03b5\u03c1\u03b3\u03b5\u03af \u03c4\u03b7 \u03b4\u03b9\u03ba\u03ae \u03c4\u03b7\u03c2 \u03c6\u03b9\u03bb\u03bf\u03c3\u03bf\u03c6\u03af\u03b1.","robots":{"index":"index","follow":"follow","max-snippet":"max-snippet:-1","max-image-preview":"max-image-preview:large","max-video-preview":"max-video-preview:-1"},"canonical":"https:\/\/altheaherbs.gr\/de\/philosophy\/","og_locale":"en_US","og_type":"article","og_title":"\u0391\u039b\u0398\u0391\u0399\u0391 - Althea Herbs","og_description":"\u0397 \u0391\u03bb\u03b8\u03b1\u03af\u03b1 - \u03b1\u03c0\u03cc \u03c4\u03b7\u03bd \u03b1\u03c1\u03c7\u03b1\u03af\u03b1 \u03b5\u03bb\u03bb\u03b7\u03bd\u03b9\u03ba\u03ae \u03bb\u03ad\u03be\u03b7 \u03ac\u03bb\u03b8\u03c9 \u03c0\u03bf\u03c5 \u03c3\u03b7\u03bc\u03b1\u03af\u03bd\u03b5\u03b9 \u00ab\u03b8\u03b5\u03c1\u03b1\u03c0\u03b5\u03cd\u03c9\u00bb - \u03ba\u03b1\u03bb\u03bb\u03b9\u03b5\u03c1\u03b3\u03b5\u03af \u03c4\u03b7 \u03b4\u03b9\u03ba\u03ae \u03c4\u03b7\u03c2 \u03c6\u03b9\u03bb\u03bf\u03c3\u03bf\u03c6\u03af\u03b1.","og_url":"https:\/\/altheaherbs.gr\/de\/philosophy\/","og_site_name":"Althea Herbs De","article_modified_time":"2017-10-25T14:25:13+00:00","og_image":[{"width":1698,"height":426,"url":"https:\/\/altheaherbs.gr\/de\/wp-content\/uploads\/sites\/7\/2017\/01\/filosofia-herobanner.jpg","type":"image\/jpeg"}],"twitter_card":"summary_large_image","twitter_misc":{"Est. reading time":"2 minutes"},"schema":{"@context":"https:\/\/schema.org","@graph":[{"@type":"WebPage","@id":"https:\/\/altheaherbs.gr\/de\/philosophy\/","url":"https:\/\/altheaherbs.gr\/de\/philosophy\/","name":"ALTHEA - Althea Herbs De","isPartOf":{"@id":"https:\/\/altheaherbs.gr\/de\/#website"},"primaryImageOfPage":{"@id":"https:\/\/altheaherbs.gr\/de\/philosophy\/#primaryimage"},"image":{"@id":"https:\/\/altheaherbs.gr\/de\/philosophy\/#primaryimage"},"thumbnailUrl":"https:\/\/altheaherbs.gr\/de\/wp-content\/uploads\/sites\/7\/2017\/01\/filosofia-herobanner.jpg","datePublished":"2017-01-23T07:11:21+00:00","dateModified":"2017-10-25T14:25:13+00:00","description":"\u0397 \u0391\u03bb\u03b8\u03b1\u03af\u03b1 - \u03b1\u03c0\u03cc \u03c4\u03b7\u03bd \u03b1\u03c1\u03c7\u03b1\u03af\u03b1 \u03b5\u03bb\u03bb\u03b7\u03bd\u03b9\u03ba\u03ae \u03bb\u03ad\u03be\u03b7 \u03ac\u03bb\u03b8\u03c9 \u03c0\u03bf\u03c5 \u03c3\u03b7\u03bc\u03b1\u03af\u03bd\u03b5\u03b9 \u00ab\u03b8\u03b5\u03c1\u03b1\u03c0\u03b5\u03cd\u03c9\u00bb - \u03ba\u03b1\u03bb\u03bb\u03b9\u03b5\u03c1\u03b3\u03b5\u03af \u03c4\u03b7 \u03b4\u03b9\u03ba\u03ae \u03c4\u03b7\u03c2 \u03c6\u03b9\u03bb\u03bf\u03c3\u03bf\u03c6\u03af\u03b1.","breadcrumb":{"@id":"https:\/\/altheaherbs.gr\/de\/philosophy\/#breadcrumb"},"inLanguage":"en-US","potentialAction":[{"@type":"ReadAction","target":["https:\/\/altheaherbs.gr\/de\/philosophy\/"]}]},{"@type":"ImageObject","inLanguage":"en-US","@id":"https:\/\/altheaherbs.gr\/de\/philosophy\/#primaryimage","url":"https:\/\/altheaherbs.gr\/de\/wp-content\/uploads\/sites\/7\/2017\/01\/filosofia-herobanner.jpg","contentUrl":"https:\/\/altheaherbs.gr\/de\/wp-content\/uploads\/sites\/7\/2017\/01\/filosofia-herobanner.jpg","width":1698,"height":426},{"@type":"BreadcrumbList","@id":"https:\/\/altheaherbs.gr\/de\/philosophy\/#breadcrumb","itemListElement":[{"@type":"ListItem","position":1,"name":"Home","item":"https:\/\/altheaherbs.gr\/de\/"},{"@type":"ListItem","position":2,"name":"ALTHEA"}]},{"@type":"WebSite","@id":"https:\/\/altheaherbs.gr\/de\/#website","url":"https:\/\/altheaherbs.gr\/de\/","name":"Althea Herbs De","description":"Just another WordPress site","potentialAction":[{"@type":"SearchAction","target":{"@type":"EntryPoint","urlTemplate":"https:\/\/altheaherbs.gr\/de\/?s={search_term_string}"},"query-input":{"@type":"PropertyValueSpecification","valueRequired":true,"valueName":"search_term_string"}}],"inLanguage":"en-US"}]}},"_links":{"self":[{"href":"https:\/\/altheaherbs.gr\/de\/wp-json\/wp\/v2\/pages\/9104","targetHints":{"allow":["GET"]}}],"collection":[{"href":"https:\/\/altheaherbs.gr\/de\/wp-json\/wp\/v2\/pages"}],"about":[{"href":"https:\/\/altheaherbs.gr\/de\/wp-json\/wp\/v2\/types\/page"}],"author":[{"embeddable":true,"href":"https:\/\/altheaherbs.gr\/de\/wp-json\/wp\/v2\/users\/1"}],"replies":[{"embeddable":true,"href":"https:\/\/altheaherbs.gr\/de\/wp-json\/wp\/v2\/comments?post=9104"}],"version-history":[{"count":18,"href":"https:\/\/altheaherbs.gr\/de\/wp-json\/wp\/v2\/pages\/9104\/revisions"}],"predecessor-version":[{"id":9418,"href":"https:\/\/altheaherbs.gr\/de\/wp-json\/wp\/v2\/pages\/9104\/revisions\/9418"}],"wp:featuredmedia":[{"embeddable":true,"href":"https:\/\/altheaherbs.gr\/de\/wp-json\/wp\/v2\/media\/9228"}],"wp:attachment":[{"href":"https:\/\/altheaherbs.gr\/de\/wp-json\/wp\/v2\/media?parent=9104"}],"curies":[{"name":"wp","href":"https:\/\/api.w.org\/{rel}","templated":true}]}}